{"id":5974,"date":"2024-08-28T15:46:30","date_gmt":"2024-08-28T18:46:30","guid":{"rendered":"https:\/\/estivarefratarios.com.br\/politica-de-privacidade\/"},"modified":"2024-09-09T16:25:29","modified_gmt":"2024-09-09T19:25:29","slug":"politica-de-privacidad","status":"publish","type":"page","link":"https:\/\/estivarefratarios.com.br\/es\/politica-de-privacidad\/","title":{"rendered":"Pol\u00edtica de Privacidad"},"content":{"rendered":"\t\t<div data-elementor-type=\"wp-page\" data-elementor-id=\"5974\" class=\"elementor elementor-5974 elementor-4903\" data-elementor-post-type=\"page\">\n\t\t\t\t\t\t<section class=\"elementor-section elementor-top-section elementor-element elementor-element-eae6cf3 elementor-section-boxed elementor-section-height-default elementor-section-height-default\" data-id=\"eae6cf3\" data-element_type=\"section\">\n\t\t\t\t\t\t<div class=\"elementor-container elementor-column-gap-default\">\n\t\t\t\t\t<div class=\"elementor-column elementor-col-100 elementor-top-column elementor-element elementor-element-1d83b10\" data-id=\"1d83b10\" data-element_type=\"column\">\n\t\t\t<div class=\"elementor-widget-wrap elementor-element-populated\">\n\t\t\t\t\t\t<div class=\"elementor-element elementor-element-0457a6e elementor-widget elementor-widget-heading\" data-id=\"0457a6e\" data-element_type=\"widget\" data-widget_type=\"heading.default\">\n\t\t\t\t<div class=\"elementor-widget-container\">\n\t\t\t<style>\/*! elementor - v3.23.0 - 05-08-2024 *\/\n.elementor-heading-title{padding:0;margin:0;line-height:1}.elementor-widget-heading .elementor-heading-title[class*=elementor-size-]>a{color:inherit;font-size:inherit;line-height:inherit}.elementor-widget-heading .elementor-heading-title.elementor-size-small{font-size:15px}.elementor-widget-heading .elementor-heading-title.elementor-size-medium{font-size:19px}.elementor-widget-heading .elementor-heading-title.elementor-size-large{font-size:29px}.elementor-widget-heading .elementor-heading-title.elementor-size-xl{font-size:39px}.elementor-widget-heading .elementor-heading-title.elementor-size-xxl{font-size:59px}<\/style><h5 class=\"elementor-heading-title elementor-size-default\">Pol\u00edtica de Privacidade<\/h5>\t\t<\/div>\n\t\t\t\t<\/div>\n\t\t\t\t<div class=\"elementor-element elementor-element-1f2d188 elementor-widget elementor-widget-text-editor\" data-id=\"1f2d188\" data-element_type=\"widget\" data-widget_type=\"text-editor.default\">\n\t\t\t\t<div class=\"elementor-widget-container\">\n\t\t\t<style>\/*! elementor - v3.23.0 - 05-08-2024 *\/\n.elementor-widget-text-editor.elementor-drop-cap-view-stacked .elementor-drop-cap{background-color:#69727d;color:#fff}.elementor-widget-text-editor.elementor-drop-cap-view-framed .elementor-drop-cap{color:#69727d;border:3px solid;background-color:transparent}.elementor-widget-text-editor:not(.elementor-drop-cap-view-default) .elementor-drop-cap{margin-top:8px}.elementor-widget-text-editor:not(.elementor-drop-cap-view-default) .elementor-drop-cap-letter{width:1em;height:1em}.elementor-widget-text-editor .elementor-drop-cap{float:left;text-align:center;line-height:1;font-size:50px}.elementor-widget-text-editor .elementor-drop-cap-letter{display:inline-block}<\/style>\t\t\t\t<p>Nos preocupamos com a sua privacidade e por isso protegemos seus dados pessoais e as demais informa\u00e7\u00f5es que voc\u00ea compartilha conosco.<br \/>Esta Pol\u00edtica de Privacidade estabelece o compromisso da\u00a0\u201cESTIVA REFRAT\u00c1RIOS ESPECIAIS LTDA\u201d\u00a0com os seus clientes ou visitantes quanto \u00e0 prote\u00e7\u00e3o de dados pessoais, informando o tratamento que realiza com os seus dados, assim como os direitos que lhes reconhece enquanto titulares dos dados, no cumprimento da\u00a0Lei n\u00ba 13.853, de 2019\u00a0(Lei Geral de Prote\u00e7\u00e3o de Dados).<br \/>\u00c9 importante a leitura e compreens\u00e3o desta pol\u00edtica, e quaisquer d\u00favidas ou solicita\u00e7\u00f5es, estamos a disposi\u00e7\u00e3o nos seguintes meios:<br \/>E-mail: jonas@estivarefratarios.com.br<br \/>Tel.: (19) 3868.1800<br \/>Endere\u00e7o: Rua Pedro Beni, 3440, Centro, Estiva Gerbi\/SP<br \/>CEP: 13857-000<\/p>\t\t\t\t\t\t<\/div>\n\t\t\t\t<\/div>\n\t\t\t\t<div class=\"elementor-element elementor-element-47adc38 elementor-widget elementor-widget-heading\" data-id=\"47adc38\" data-element_type=\"widget\" data-widget_type=\"heading.default\">\n\t\t\t\t<div class=\"elementor-widget-container\">\n\t\t\t<h5 class=\"elementor-heading-title elementor-size-default\">1 \u2013 O QUE FAREMOS COM SUAS INFORMA\u00c7\u00d5ES?<\/h5>\t\t<\/div>\n\t\t\t\t<\/div>\n\t\t\t\t<div class=\"elementor-element elementor-element-79170c8 elementor-widget elementor-widget-text-editor\" data-id=\"79170c8\" data-element_type=\"widget\" data-widget_type=\"text-editor.default\">\n\t\t\t\t<div class=\"elementor-widget-container\">\n\t\t\t\t\t\t\t<p>Como parte do processo de cadastro em um formul\u00e1rio em nosso site, ou em alguma a\u00e7\u00e3o de marketing nos canais sociais; como Facebook, Instagram e LinkedIn, por exemplo; solicitamos algumas informa\u00e7\u00f5es pessoais, tais como nome, e-mail, cargo, nome da empresa e telefone. Como fazemos apenas neg\u00f3cios B2B, entendemos que essa solicita\u00e7\u00e3o nos retornar\u00e1 dados tamb\u00e9m corporativos.<br \/>Ainda h\u00e1 a possibilidade da coleta de alguns dados automaticamente, j\u00e1 que nosso site utiliza\u00a0cookies\u00a0ou t\u00e9cnicas similares para otimiza\u00e7\u00e3o da sua experi\u00eancia de uso com nosso website e tamb\u00e9m para analisar o respectivo fluxo de acessos.<br \/>O uso de dados para e-mail marketing ser\u00e1 realizado apenas caso voc\u00ea permita. Nestes e-mails voc\u00ea poder\u00e1 receber not\u00edcias, avisos, servi\u00e7os, novos produtos e outras atualiza\u00e7\u00f5es.<\/p><p>1.1 Cookies<br \/>Cookies s\u00e3o pequenos arquivos ou pacotes de dados trocados entre o site e o seu navegador. Este site pode usar v\u00e1rios tipos de cookies para melhorar a sua experi\u00eancia. Os navegadores permitem ao usu\u00e1rio aceitar, recusar ou apagar cookies atrav\u00e9s das suas defini\u00e7\u00f5es avan\u00e7adas.<\/p>\t\t\t\t\t\t<\/div>\n\t\t\t\t<\/div>\n\t\t\t\t<div class=\"elementor-element elementor-element-8c00fec elementor-widget elementor-widget-heading\" data-id=\"8c00fec\" data-element_type=\"widget\" data-widget_type=\"heading.default\">\n\t\t\t\t<div class=\"elementor-widget-container\">\n\t\t\t<h5 class=\"elementor-heading-title elementor-size-default\">2 \u2013 LEG\u00cdTIMO INTERESSE E LEG\u00cdTIMA EXPECTATIVA<\/h5>\t\t<\/div>\n\t\t\t\t<\/div>\n\t\t\t\t<div class=\"elementor-element elementor-element-88f85bc elementor-widget elementor-widget-text-editor\" data-id=\"88f85bc\" data-element_type=\"widget\" data-widget_type=\"text-editor.default\">\n\t\t\t\t<div class=\"elementor-widget-container\">\n\t\t\t\t\t\t\t<p>Quando solicitamos informa\u00e7\u00f5es pessoais como nome, e-mail, cargo, empresa e telefone em nosso site ou redes sociais, temos o Leg\u00edtimo Interesse em fornecer-lhe informa\u00e7\u00f5es a respeito de nossos produtos e servi\u00e7os. Por isso, entendemos que voc\u00ea tamb\u00e9m possui interesse nessas informa\u00e7\u00f5es e, por isso, est\u00e1 de acordo com a coleta de dados para serem utilizados pela nossa empresa.<br \/>Se pedimos por suas informa\u00e7\u00f5es pessoais por uma raz\u00e3o secund\u00e1ria, como marketing, vamos lhe pedir diretamente por seu consentimento, ou lhe fornecer a oportunidade de dizer n\u00e3o.<br \/>Caso voc\u00ea queira retirar seu consentimento ou deixar de receber nossas informa\u00e7\u00f5es, basta enviar o seu pedido para o e-mail\u00a0 jonas@estivarefratarios.com.br<\/p>\t\t\t\t\t\t<\/div>\n\t\t\t\t<\/div>\n\t\t\t\t<div class=\"elementor-element elementor-element-869c1f9 elementor-widget elementor-widget-heading\" data-id=\"869c1f9\" data-element_type=\"widget\" data-widget_type=\"heading.default\">\n\t\t\t\t<div class=\"elementor-widget-container\">\n\t\t\t<h5 class=\"elementor-heading-title elementor-size-default\">3 \u2013 DIVULGA\u00c7\u00c3O<\/h5>\t\t<\/div>\n\t\t\t\t<\/div>\n\t\t\t\t<div class=\"elementor-element elementor-element-805796e elementor-widget elementor-widget-text-editor\" data-id=\"805796e\" data-element_type=\"widget\" data-widget_type=\"text-editor.default\">\n\t\t\t\t<div class=\"elementor-widget-container\">\n\t\t\t\t\t\t\t<p>Informamos que poderemos divulgar informa\u00e7\u00f5es de acesso ou usu\u00e1rios por for\u00e7a de obriga\u00e7\u00e3o em virtude de lei ou decis\u00e3o judicial, desde que necess\u00e1rias para prevenir danos materiais ou morais, ou para coibir a pr\u00e1tica de il\u00edcitos. Esta Pol\u00edtica de Privacidade ser\u00e1 regida pelas leis da Rep\u00fablica Federativa do Brasil.<\/p>\t\t\t\t\t\t<\/div>\n\t\t\t\t<\/div>\n\t\t\t\t<div class=\"elementor-element elementor-element-89e36d7 elementor-widget elementor-widget-heading\" data-id=\"89e36d7\" data-element_type=\"widget\" data-widget_type=\"heading.default\">\n\t\t\t\t<div class=\"elementor-widget-container\">\n\t\t\t<h5 class=\"elementor-heading-title elementor-size-default\">4 - SEGURAN\u00c7A<\/h5>\t\t<\/div>\n\t\t\t\t<\/div>\n\t\t\t\t<div class=\"elementor-element elementor-element-3bf5135 elementor-widget elementor-widget-text-editor\" data-id=\"3bf5135\" data-element_type=\"widget\" data-widget_type=\"text-editor.default\">\n\t\t\t\t<div class=\"elementor-widget-container\">\n\t\t\t\t\t\t\t<p>A\u00a0\u201cESTIVA REFRAT\u00c1RIOS ESPECIAIS LTDA\u201d\u00a0se compromete a utilizar apenas os dados pessoais que sejam estritamente necess\u00e1rios \u00e0 execu\u00e7\u00e3o das finalidades anteriormente descritas, e far\u00e1 todos os esfor\u00e7os para garantir a seguran\u00e7a e a prote\u00e7\u00e3o dos dados pessoais, incluindo medidas administrativas e t\u00e9cnicas para impedir o acesso aos seus dados, a sua utiliza\u00e7\u00e3o indevida ou a sua divulga\u00e7\u00e3o n\u00e3o autorizada.<br \/>Mesmo com todo esse controle, caso infelizmente, algum incidente ocorra, voc\u00ea ser\u00e1 formalmente avisado.<\/p>\t\t\t\t\t\t<\/div>\n\t\t\t\t<\/div>\n\t\t\t\t<div class=\"elementor-element elementor-element-fe330e7 elementor-widget elementor-widget-heading\" data-id=\"fe330e7\" data-element_type=\"widget\" data-widget_type=\"heading.default\">\n\t\t\t\t<div class=\"elementor-widget-container\">\n\t\t\t<h5 class=\"elementor-heading-title elementor-size-default\">5 \u2013 SERVI\u00c7OS DE TERCEIROS<\/h5>\t\t<\/div>\n\t\t\t\t<\/div>\n\t\t\t\t<div class=\"elementor-element elementor-element-8fca909 elementor-widget elementor-widget-text-editor\" data-id=\"8fca909\" data-element_type=\"widget\" data-widget_type=\"text-editor.default\">\n\t\t\t\t<div class=\"elementor-widget-container\">\n\t\t\t\t\t\t\t<p>Os fornecedores terceirizados usados por n\u00f3s n\u00e3o coletam suas informa\u00e7\u00f5es pessoais. Apenas realizam a gest\u00e3o de estrutura do site e geram relat\u00f3rios estat\u00edsticos n\u00e3o personalizados.<br \/>Uma vez que voc\u00ea deixe o site da nossa empresa ou seja redirecionado para um aplicativo ou site de terceiros, voc\u00ea n\u00e3o ser\u00e1 mais regido por essa Pol\u00edtica de Privacidade ou pelos Termos de Servi\u00e7o do nosso site. Por isso, recomendamos que voc\u00ea leia suas pr\u00f3prias pol\u00edticas de privacidade para que voc\u00ea possa entender a maneira na qual suas informa\u00e7\u00f5es pessoais ser\u00e3o usadas por esses terceiros.<br \/>\u00a0<br \/>5.1 Links<br \/>Quando voc\u00ea clica em links em nosso site, eles podem o direcionar para fora do nosso site. N\u00e3o somos respons\u00e1veis pelas pr\u00e1ticas de privacidade de outros sites e lhe incentivamos a ler as declara\u00e7\u00f5es de privacidade deles.<\/p>\t\t\t\t\t\t<\/div>\n\t\t\t\t<\/div>\n\t\t\t\t<div class=\"elementor-element elementor-element-089771b elementor-widget elementor-widget-heading\" data-id=\"089771b\" data-element_type=\"widget\" data-widget_type=\"heading.default\">\n\t\t\t\t<div class=\"elementor-widget-container\">\n\t\t\t<h5 class=\"elementor-heading-title elementor-size-default\">6 \u2013 ALTERA\u00c7\u00d5ES PARA ESSA POL\u00cdTICA DE PRIVACIDADE<\/h5>\t\t<\/div>\n\t\t\t\t<\/div>\n\t\t\t\t<div class=\"elementor-element elementor-element-bf5362b elementor-widget elementor-widget-text-editor\" data-id=\"bf5362b\" data-element_type=\"widget\" data-widget_type=\"text-editor.default\">\n\t\t\t\t<div class=\"elementor-widget-container\">\n\t\t\t\t\t\t\t<p>Reservamos o direito de modificar essa pol\u00edtica de privacidade a qualquer momento, ent\u00e3o por favor, releia-a com frequ\u00eancia.<br \/>Caso n\u00e3o concorde com esta Pol\u00edtica, por favor, n\u00e3o continue o seu procedimento de registro e n\u00e3o use os nossos servi\u00e7os. Todavia, por favor, nos informe a sua discord\u00e2ncia para que possamos esclarec\u00ea-las ou melhor\u00e1-las.<\/p>\t\t\t\t\t\t<\/div>\n\t\t\t\t<\/div>\n\t\t\t\t\t<\/div>\n\t\t<\/div>\n\t\t\t\t\t<\/div>\n\t\t<\/section>\n\t\t\t\t<\/div>\n\t\t","protected":false},"excerpt":{"rendered":"<p>Pol\u00edtica de Privacidade Nos preocupamos com a sua privacidade e por isso protegemos seus dados pessoais e as demais informa\u00e7\u00f5es que voc\u00ea compartilha conosco.Esta Pol\u00edtica de Privacidade estabelece o compromisso da\u00a0\u201cESTIVA REFRAT\u00c1RIOS ESPECIAIS LTDA\u201d\u00a0com os seus clientes ou visitantes quanto \u00e0 prote\u00e7\u00e3o de dados pessoais, informando o tratamento que realiza<\/p>\n","protected":false},"author":1,"featured_media":0,"parent":0,"menu_order":0,"comment_status":"closed","ping_status":"closed","template":"","meta":{"footnotes":""},"class_list":["post-5974","page","type-page","status-publish","hentry"],"aioseo_notices":[],"_links":{"self":[{"href":"https:\/\/estivarefratarios.com.br\/es\/wp-json\/wp\/v2\/pages\/5974"}],"collection":[{"href":"https:\/\/estivarefratarios.com.br\/es\/wp-json\/wp\/v2\/pages"}],"about":[{"href":"https:\/\/estivarefratarios.com.br\/es\/wp-json\/wp\/v2\/types\/page"}],"author":[{"embeddable":true,"href":"https:\/\/estivarefratarios.com.br\/es\/wp-json\/wp\/v2\/users\/1"}],"replies":[{"embeddable":true,"href":"https:\/\/estivarefratarios.com.br\/es\/wp-json\/wp\/v2\/comments?post=5974"}],"version-history":[{"count":10,"href":"https:\/\/estivarefratarios.com.br\/es\/wp-json\/wp\/v2\/pages\/5974\/revisions"}],"predecessor-version":[{"id":6995,"href":"https:\/\/estivarefratarios.com.br\/es\/wp-json\/wp\/v2\/pages\/5974\/revisions\/6995"}],"wp:attachment":[{"href":"https:\/\/estivarefratarios.com.br\/es\/wp-json\/wp\/v2\/media?parent=5974"}],"curies":[{"name":"wp","href":"https:\/\/api.w.org\/{rel}","templated":true}]}}