{"id":5970,"date":"2021-08-28T13:36:15","date_gmt":"2021-08-28T16:36:15","guid":{"rendered":"https:\/\/estivarefratarios.com.br\/mercados\/"},"modified":"2024-09-09T16:25:21","modified_gmt":"2024-09-09T19:25:21","slug":"mercados","status":"publish","type":"page","link":"https:\/\/estivarefratarios.com.br\/es\/mercados\/","title":{"rendered":"Mercados"},"content":{"rendered":"\t\t<div data-elementor-type=\"wp-page\" data-elementor-id=\"5970\" class=\"elementor elementor-5970 elementor-2130\" data-elementor-post-type=\"page\">\n\t\t\t\t\t\t<section class=\"elementor-section elementor-top-section elementor-element elementor-element-60f2aaf elementor-section-boxed elementor-section-height-default elementor-section-height-default\" data-id=\"60f2aaf\" data-element_type=\"section\">\n\t\t\t\t\t\t<div class=\"elementor-container elementor-column-gap-default\">\n\t\t\t\t\t<div class=\"elementor-column elementor-col-100 elementor-top-column elementor-element elementor-element-f748dc4\" data-id=\"f748dc4\" data-element_type=\"column\">\n\t\t\t<div class=\"elementor-widget-wrap elementor-element-populated\">\n\t\t\t\t\t\t<div class=\"elementor-element elementor-element-cad144b elementor-widget elementor-widget-mae-project-grid\" data-id=\"cad144b\" data-element_type=\"widget\" data-widget_type=\"mae-project-grid.default\">\n\t\t\t\t<div class=\"elementor-widget-container\">\n\t\t\t\n        <div class=\"master-portfolio\" data-config='{\"columns\":\"3,3,2,1\",\"gapHorizontal\":0,\"gapVertical\":30,\"layoutMode\":\"grid\"}'>\n            <div class=\"galleries cbp\">\n                                    \n                        <div class=\"cbp-item\">\n                            <div class=\"master-project style-2\">\n                            <a class=\"thumb\" href=\"https:\/\/estivarefratarios.com.br\/es\/estiva\/pisos-y-revestimientos\/\" aria-label=\"Pisos y Revestimientos\"><span class=\"inner\"><img fetchpriority=\"high\" decoding=\"async\" width=\"370\" height=\"400\" src=\"https:\/\/estivarefratarios.com.br\/wp-content\/uploads\/2021\/08\/f8abe20e9526d2523ceefde1f370fa66-370x400.jpeg\" class=\"attachment-mae-std2 size-mae-std2 wp-post-image\" alt=\"\" \/><\/span><\/a><div class=\"content-wrap\"><div class=\"cat-wrap\"><a class=\"cat-item\" href=\"https:\/\/estivarefratarios.com.br\/es\/project_category\/mercados-es\/\">Mercados<\/a><\/div><h3 class=\"headline-2\"><a href=\"https:\/\/estivarefratarios.com.br\/es\/estiva\/pisos-y-revestimientos\/\">Pisos y Revestimientos<\/a><\/h3>        <a aria-label=\"button\" class=\"arrow\" href=\"https:\/\/estivarefratarios.com.br\/es\/estiva\/pisos-y-revestimientos\/\">\n            <i aria-hidden=\"true\" class=\"ci ci-right-arrow\"><\/i>        <\/a>\n        <\/div>        <a aria-label=\"button\" class=\"arrow\" href=\"https:\/\/estivarefratarios.com.br\/es\/estiva\/pisos-y-revestimientos\/\">\n            <i aria-hidden=\"true\" class=\"ci ci-right-arrow\"><\/i>        <\/a>\n                                    <\/div>\n                        <\/div>\n                    \n                        <div class=\"cbp-item\">\n                            <div class=\"master-project style-2\">\n                            <a class=\"thumb\" href=\"https:\/\/estivarefratarios.com.br\/es\/estiva\/sanitarios\/\" aria-label=\"Sanit\u00e1rios\"><span class=\"inner\"><img decoding=\"async\" width=\"370\" height=\"400\" src=\"https:\/\/estivarefratarios.com.br\/wp-content\/uploads\/2024\/08\/sanitarios-370x400.jpg\" class=\"attachment-mae-std2 size-mae-std2 wp-post-image\" alt=\"\" \/><\/span><\/a><div class=\"content-wrap\"><div class=\"cat-wrap\"><a class=\"cat-item\" href=\"https:\/\/estivarefratarios.com.br\/es\/project_category\/mercados-es\/\">Mercados<\/a><\/div><h3 class=\"headline-2\"><a href=\"https:\/\/estivarefratarios.com.br\/es\/estiva\/sanitarios\/\">Sanit\u00e1rios<\/a><\/h3>        <a aria-label=\"button\" class=\"arrow\" href=\"https:\/\/estivarefratarios.com.br\/es\/estiva\/sanitarios\/\">\n            <i aria-hidden=\"true\" class=\"ci ci-right-arrow\"><\/i>        <\/a>\n        <\/div>        <a aria-label=\"button\" class=\"arrow\" href=\"https:\/\/estivarefratarios.com.br\/es\/estiva\/sanitarios\/\">\n            <i aria-hidden=\"true\" class=\"ci ci-right-arrow\"><\/i>        <\/a>\n                                    <\/div>\n                        <\/div>\n                    \n                        <div class=\"cbp-item\">\n                            <div class=\"master-project style-2\">\n                            <a class=\"thumb\" href=\"https:\/\/estivarefratarios.com.br\/es\/estiva\/loza-de-mesa-vajillas\/\" aria-label=\"Loza de Mesa (Vajillas)\"><span class=\"inner\"><img decoding=\"async\" width=\"370\" height=\"400\" src=\"https:\/\/estivarefratarios.com.br\/wp-content\/uploads\/2024\/08\/louca-370x400.jpg\" class=\"attachment-mae-std2 size-mae-std2 wp-post-image\" alt=\"\" \/><\/span><\/a><div class=\"content-wrap\"><div class=\"cat-wrap\"><a class=\"cat-item\" href=\"https:\/\/estivarefratarios.com.br\/es\/project_category\/mercados-es\/\">Mercados<\/a><\/div><h3 class=\"headline-2\"><a href=\"https:\/\/estivarefratarios.com.br\/es\/estiva\/loza-de-mesa-vajillas\/\">Loza de Mesa (Vajillas)<\/a><\/h3>        <a aria-label=\"button\" class=\"arrow\" href=\"https:\/\/estivarefratarios.com.br\/es\/estiva\/loza-de-mesa-vajillas\/\">\n            <i aria-hidden=\"true\" class=\"ci ci-right-arrow\"><\/i>        <\/a>\n        <\/div>        <a aria-label=\"button\" class=\"arrow\" href=\"https:\/\/estivarefratarios.com.br\/es\/estiva\/loza-de-mesa-vajillas\/\">\n            <i aria-hidden=\"true\" class=\"ci ci-right-arrow\"><\/i>        <\/a>\n                                    <\/div>\n                        <\/div>\n                    \n                        <div class=\"cbp-item\">\n                            <div class=\"master-project style-2\">\n                            <a class=\"thumb\" href=\"https:\/\/estivarefratarios.com.br\/es\/estiva\/ceramica-artistica\/\" aria-label=\"Cer\u00e1mica Art\u00edstica\"><span class=\"inner\"><img loading=\"lazy\" decoding=\"async\" width=\"370\" height=\"400\" src=\"https:\/\/estivarefratarios.com.br\/wp-content\/uploads\/2024\/08\/ceramica-art-370x400.jpg\" class=\"attachment-mae-std2 size-mae-std2 wp-post-image\" alt=\"\" \/><\/span><\/a><div class=\"content-wrap\"><div class=\"cat-wrap\"><a class=\"cat-item\" href=\"https:\/\/estivarefratarios.com.br\/es\/project_category\/mercados-es\/\">Mercados<\/a><\/div><h3 class=\"headline-2\"><a href=\"https:\/\/estivarefratarios.com.br\/es\/estiva\/ceramica-artistica\/\">Cer\u00e1mica Art\u00edstica<\/a><\/h3>        <a aria-label=\"button\" class=\"arrow\" href=\"https:\/\/estivarefratarios.com.br\/es\/estiva\/ceramica-artistica\/\">\n            <i aria-hidden=\"true\" class=\"ci ci-right-arrow\"><\/i>        <\/a>\n        <\/div>        <a aria-label=\"button\" class=\"arrow\" href=\"https:\/\/estivarefratarios.com.br\/es\/estiva\/ceramica-artistica\/\">\n            <i aria-hidden=\"true\" class=\"ci ci-right-arrow\"><\/i>        <\/a>\n                                    <\/div>\n                        <\/div>\n                    \n                        <div class=\"cbp-item\">\n                            <div class=\"master-project style-2\">\n                            <a class=\"thumb\" href=\"https:\/\/estivarefratarios.com.br\/es\/estiva\/metalurgia-de-polvos\/\" aria-label=\"Metalurgia de Polvos\"><span class=\"inner\"><img loading=\"lazy\" decoding=\"async\" width=\"370\" height=\"400\" src=\"https:\/\/estivarefratarios.com.br\/wp-content\/uploads\/2024\/08\/metalurgia-370x400.jpg\" class=\"attachment-mae-std2 size-mae-std2 wp-post-image\" alt=\"\" \/><\/span><\/a><div class=\"content-wrap\"><div class=\"cat-wrap\"><a class=\"cat-item\" href=\"https:\/\/estivarefratarios.com.br\/es\/project_category\/mercados-es\/\">Mercados<\/a><\/div><h3 class=\"headline-2\"><a href=\"https:\/\/estivarefratarios.com.br\/es\/estiva\/metalurgia-de-polvos\/\">Metalurgia de Polvos<\/a><\/h3>        <a aria-label=\"button\" class=\"arrow\" href=\"https:\/\/estivarefratarios.com.br\/es\/estiva\/metalurgia-de-polvos\/\">\n            <i aria-hidden=\"true\" class=\"ci ci-right-arrow\"><\/i>        <\/a>\n        <\/div>        <a aria-label=\"button\" class=\"arrow\" href=\"https:\/\/estivarefratarios.com.br\/es\/estiva\/metalurgia-de-polvos\/\">\n            <i aria-hidden=\"true\" class=\"ci ci-right-arrow\"><\/i>        <\/a>\n                                    <\/div>\n                        <\/div>\n                    \n                        <div class=\"cbp-item\">\n                            <div class=\"master-project style-2\">\n                            <a class=\"thumb\" href=\"https:\/\/estivarefratarios.com.br\/es\/estiva\/tratamiento-termico\/\" aria-label=\"Tratamiento T\u00e9rmico\"><span class=\"inner\"><img loading=\"lazy\" decoding=\"async\" width=\"370\" height=\"400\" src=\"https:\/\/estivarefratarios.com.br\/wp-content\/uploads\/2024\/08\/termico-370x400.jpg\" class=\"attachment-mae-std2 size-mae-std2 wp-post-image\" alt=\"\" \/><\/span><\/a><div class=\"content-wrap\"><div class=\"cat-wrap\"><a class=\"cat-item\" href=\"https:\/\/estivarefratarios.com.br\/es\/project_category\/mercados-es\/\">Mercados<\/a><\/div><h3 class=\"headline-2\"><a href=\"https:\/\/estivarefratarios.com.br\/es\/estiva\/tratamiento-termico\/\">Tratamiento T\u00e9rmico<\/a><\/h3>        <a aria-label=\"button\" class=\"arrow\" href=\"https:\/\/estivarefratarios.com.br\/es\/estiva\/tratamiento-termico\/\">\n            <i aria-hidden=\"true\" class=\"ci ci-right-arrow\"><\/i>        <\/a>\n        <\/div>        <a aria-label=\"button\" class=\"arrow\" href=\"https:\/\/estivarefratarios.com.br\/es\/estiva\/tratamiento-termico\/\">\n            <i aria-hidden=\"true\" class=\"ci ci-right-arrow\"><\/i>        <\/a>\n                                    <\/div>\n                        <\/div>\n                    \n                        <div class=\"cbp-item\">\n                            <div class=\"master-project style-2\">\n                            <a class=\"thumb\" href=\"https:\/\/estivarefratarios.com.br\/es\/estiva\/fabricantes-de-equipos\/\" aria-label=\"Fabricantes de Equipos\"><span class=\"inner\"><img loading=\"lazy\" decoding=\"async\" width=\"370\" height=\"400\" src=\"https:\/\/estivarefratarios.com.br\/wp-content\/uploads\/2024\/08\/Fabricantes-de-Equipamentos-370x400.jpg\" class=\"attachment-mae-std2 size-mae-std2 wp-post-image\" alt=\"\" \/><\/span><\/a><div class=\"content-wrap\"><div class=\"cat-wrap\"><a class=\"cat-item\" href=\"https:\/\/estivarefratarios.com.br\/es\/project_category\/mercados-es\/\">Mercados<\/a><\/div><h3 class=\"headline-2\"><a href=\"https:\/\/estivarefratarios.com.br\/es\/estiva\/fabricantes-de-equipos\/\">Fabricantes de Equipos<\/a><\/h3>        <a aria-label=\"button\" class=\"arrow\" href=\"https:\/\/estivarefratarios.com.br\/es\/estiva\/fabricantes-de-equipos\/\">\n            <i aria-hidden=\"true\" class=\"ci ci-right-arrow\"><\/i>        <\/a>\n        <\/div>        <a aria-label=\"button\" class=\"arrow\" href=\"https:\/\/estivarefratarios.com.br\/es\/estiva\/fabricantes-de-equipos\/\">\n            <i aria-hidden=\"true\" class=\"ci ci-right-arrow\"><\/i>        <\/a>\n                                    <\/div>\n                        <\/div>\n                    \n                        <div class=\"cbp-item\">\n                            <div class=\"master-project style-2\">\n                            <a class=\"thumb\" href=\"https:\/\/estivarefratarios.com.br\/es\/estiva\/ceramica-estructural\/\" aria-label=\"Cer\u00e1mica Estructural\"><span class=\"inner\"><img loading=\"lazy\" decoding=\"async\" width=\"370\" height=\"400\" src=\"https:\/\/estivarefratarios.com.br\/wp-content\/uploads\/2024\/08\/Ceramica-Estrutural-370x400.jpg\" class=\"attachment-mae-std2 size-mae-std2 wp-post-image\" alt=\"\" \/><\/span><\/a><div class=\"content-wrap\"><div class=\"cat-wrap\"><a class=\"cat-item\" href=\"https:\/\/estivarefratarios.com.br\/es\/project_category\/mercados-es\/\">Mercados<\/a><\/div><h3 class=\"headline-2\"><a href=\"https:\/\/estivarefratarios.com.br\/es\/estiva\/ceramica-estructural\/\">Cer\u00e1mica Estructural<\/a><\/h3>        <a aria-label=\"button\" class=\"arrow\" href=\"https:\/\/estivarefratarios.com.br\/es\/estiva\/ceramica-estructural\/\">\n            <i aria-hidden=\"true\" class=\"ci ci-right-arrow\"><\/i>        <\/a>\n        <\/div>        <a aria-label=\"button\" class=\"arrow\" href=\"https:\/\/estivarefratarios.com.br\/es\/estiva\/ceramica-estructural\/\">\n            <i aria-hidden=\"true\" class=\"ci ci-right-arrow\"><\/i>        <\/a>\n                                    <\/div>\n                        <\/div>\n                    \n                        <div class=\"cbp-item\">\n                            <div class=\"master-project style-2\">\n                            <a class=\"thumb\" href=\"https:\/\/estivarefratarios.com.br\/es\/estiva\/aisladores-porcelana-electrica\/\" aria-label=\"Aisladores \/ Porcelana El\u00e9ctrica\"><span class=\"inner\"><img loading=\"lazy\" decoding=\"async\" width=\"370\" height=\"400\" src=\"https:\/\/estivarefratarios.com.br\/wp-content\/uploads\/2024\/08\/Isoladores-Porcelana-Eletrica-370x400.jpg\" class=\"attachment-mae-std2 size-mae-std2 wp-post-image\" alt=\"\" \/><\/span><\/a><div class=\"content-wrap\"><div class=\"cat-wrap\"><a class=\"cat-item\" href=\"https:\/\/estivarefratarios.com.br\/es\/project_category\/mercados-es\/\">Mercados<\/a><\/div><h3 class=\"headline-2\"><a href=\"https:\/\/estivarefratarios.com.br\/es\/estiva\/aisladores-porcelana-electrica\/\">Aisladores \/ Porcelana El\u00e9ctrica<\/a><\/h3>        <a aria-label=\"button\" class=\"arrow\" href=\"https:\/\/estivarefratarios.com.br\/es\/estiva\/aisladores-porcelana-electrica\/\">\n            <i aria-hidden=\"true\" class=\"ci ci-right-arrow\"><\/i>        <\/a>\n        <\/div>        <a aria-label=\"button\" class=\"arrow\" href=\"https:\/\/estivarefratarios.com.br\/es\/estiva\/aisladores-porcelana-electrica\/\">\n            <i aria-hidden=\"true\" class=\"ci ci-right-arrow\"><\/i>        <\/a>\n                                    <\/div>\n                        <\/div>\n                    \n                        <div class=\"cbp-item\">\n                            <div class=\"master-project style-2\">\n                            <a class=\"thumb\" href=\"https:\/\/estivarefratarios.com.br\/es\/estiva\/hornos-electricos\/\" aria-label=\"Hornos El\u00e9ctricos\"><span class=\"inner\"><img loading=\"lazy\" decoding=\"async\" width=\"370\" height=\"400\" src=\"https:\/\/estivarefratarios.com.br\/wp-content\/uploads\/2024\/08\/close-up-various-pieces-iron-heating-inside-forge-furnace-burning-fire-with-steel-preparation-meta-370x400.jpg\" class=\"attachment-mae-std2 size-mae-std2 wp-post-image\" alt=\"\" \/><\/span><\/a><div class=\"content-wrap\"><div class=\"cat-wrap\"><a class=\"cat-item\" href=\"https:\/\/estivarefratarios.com.br\/es\/project_category\/mercados-es\/\">Mercados<\/a><\/div><h3 class=\"headline-2\"><a href=\"https:\/\/estivarefratarios.com.br\/es\/estiva\/hornos-electricos\/\">Hornos El\u00e9ctricos<\/a><\/h3>        <a aria-label=\"button\" class=\"arrow\" href=\"https:\/\/estivarefratarios.com.br\/es\/estiva\/hornos-electricos\/\">\n            <i aria-hidden=\"true\" class=\"ci ci-right-arrow\"><\/i>        <\/a>\n        <\/div>        <a aria-label=\"button\" class=\"arrow\" href=\"https:\/\/estivarefratarios.com.br\/es\/estiva\/hornos-electricos\/\">\n            <i aria-hidden=\"true\" class=\"ci ci-right-arrow\"><\/i>        <\/a>\n                                    <\/div>\n                        <\/div>\n                    \n                        <div class=\"cbp-item\">\n                            <div class=\"master-project style-2\">\n                            <a class=\"thumb\" href=\"https:\/\/estivarefratarios.com.br\/es\/estiva\/colorantes\/\" aria-label=\"Colorantes\"><span class=\"inner\"><img loading=\"lazy\" decoding=\"async\" width=\"370\" height=\"400\" src=\"https:\/\/estivarefratarios.com.br\/wp-content\/uploads\/2024\/08\/Colorificios-370x400.jpg\" class=\"attachment-mae-std2 size-mae-std2 wp-post-image\" alt=\"\" \/><\/span><\/a><div class=\"content-wrap\"><div class=\"cat-wrap\"><a class=\"cat-item\" href=\"https:\/\/estivarefratarios.com.br\/es\/project_category\/mercados-es\/\">Mercados<\/a><\/div><h3 class=\"headline-2\"><a href=\"https:\/\/estivarefratarios.com.br\/es\/estiva\/colorantes\/\">Colorantes<\/a><\/h3>        <a aria-label=\"button\" class=\"arrow\" href=\"https:\/\/estivarefratarios.com.br\/es\/estiva\/colorantes\/\">\n            <i aria-hidden=\"true\" class=\"ci ci-right-arrow\"><\/i>        <\/a>\n        <\/div>        <a aria-label=\"button\" class=\"arrow\" href=\"https:\/\/estivarefratarios.com.br\/es\/estiva\/colorantes\/\">\n            <i aria-hidden=\"true\" class=\"ci ci-right-arrow\"><\/i>        <\/a>\n                                    <\/div>\n                        <\/div>\n                    \n                        <div class=\"cbp-item\">\n                            <div class=\"master-project style-2\">\n                            <a class=\"thumb\" href=\"https:\/\/estivarefratarios.com.br\/es\/estiva\/abrasivos\/\" aria-label=\"Abrasivos\"><span class=\"inner\"><img loading=\"lazy\" decoding=\"async\" width=\"370\" height=\"400\" src=\"https:\/\/estivarefratarios.com.br\/wp-content\/uploads\/2024\/08\/Abrasivos-370x400.jpg\" class=\"attachment-mae-std2 size-mae-std2 wp-post-image\" alt=\"\" \/><\/span><\/a><div class=\"content-wrap\"><div class=\"cat-wrap\"><a class=\"cat-item\" href=\"https:\/\/estivarefratarios.com.br\/es\/project_category\/mercados-es\/\">Mercados<\/a><\/div><h3 class=\"headline-2\"><a href=\"https:\/\/estivarefratarios.com.br\/es\/estiva\/abrasivos\/\">Abrasivos<\/a><\/h3>        <a aria-label=\"button\" class=\"arrow\" href=\"https:\/\/estivarefratarios.com.br\/es\/estiva\/abrasivos\/\">\n            <i aria-hidden=\"true\" class=\"ci ci-right-arrow\"><\/i>        <\/a>\n        <\/div>        <a aria-label=\"button\" class=\"arrow\" href=\"https:\/\/estivarefratarios.com.br\/es\/estiva\/abrasivos\/\">\n            <i aria-hidden=\"true\" class=\"ci ci-right-arrow\"><\/i>        <\/a>\n                                    <\/div>\n                        <\/div>\n                    \n                        <div class=\"cbp-item\">\n                            <div class=\"master-project style-2\">\n                            <a class=\"thumb\" href=\"https:\/\/estivarefratarios.com.br\/es\/estiva\/industria-alimenticia\/\" aria-label=\"Industria Alimenticia\"><span class=\"inner\"><img loading=\"lazy\" decoding=\"async\" width=\"370\" height=\"400\" src=\"https:\/\/estivarefratarios.com.br\/wp-content\/uploads\/2024\/08\/Fornos-Eletricos-370x400.jpg\" class=\"attachment-mae-std2 size-mae-std2 wp-post-image\" alt=\"\" \/><\/span><\/a><div class=\"content-wrap\"><div class=\"cat-wrap\"><a class=\"cat-item\" href=\"https:\/\/estivarefratarios.com.br\/es\/project_category\/mercados-es\/\">Mercados<\/a><\/div><h3 class=\"headline-2\"><a href=\"https:\/\/estivarefratarios.com.br\/es\/estiva\/industria-alimenticia\/\">Industria Alimenticia<\/a><\/h3>        <a aria-label=\"button\" class=\"arrow\" href=\"https:\/\/estivarefratarios.com.br\/es\/estiva\/industria-alimenticia\/\">\n            <i aria-hidden=\"true\" class=\"ci ci-right-arrow\"><\/i>        <\/a>\n        <\/div>        <a aria-label=\"button\" class=\"arrow\" href=\"https:\/\/estivarefratarios.com.br\/es\/estiva\/industria-alimenticia\/\">\n            <i aria-hidden=\"true\" class=\"ci ci-right-arrow\"><\/i>        <\/a>\n                                    <\/div>\n                        <\/div>\n                    \n                        <div class=\"cbp-item\">\n                            <div class=\"master-project style-2\">\n                            <a class=\"thumb\" href=\"https:\/\/estivarefratarios.com.br\/es\/estiva\/otras-aplicaciones\/\" aria-label=\"Otras Aplicaciones\"><span class=\"inner\"><img loading=\"lazy\" decoding=\"async\" width=\"370\" height=\"400\" src=\"https:\/\/estivarefratarios.com.br\/wp-content\/uploads\/2024\/08\/Aplicacoes-Diversas-370x400.jpg\" class=\"attachment-mae-std2 size-mae-std2 wp-post-image\" alt=\"\" \/><\/span><\/a><div class=\"content-wrap\"><div class=\"cat-wrap\"><a class=\"cat-item\" href=\"https:\/\/estivarefratarios.com.br\/es\/project_category\/mercados-es\/\">Mercados<\/a><\/div><h3 class=\"headline-2\"><a href=\"https:\/\/estivarefratarios.com.br\/es\/estiva\/otras-aplicaciones\/\">Otras Aplicaciones<\/a><\/h3>        <a aria-label=\"button\" class=\"arrow\" href=\"https:\/\/estivarefratarios.com.br\/es\/estiva\/otras-aplicaciones\/\">\n            <i aria-hidden=\"true\" class=\"ci ci-right-arrow\"><\/i>        <\/a>\n        <\/div>        <a aria-label=\"button\" class=\"arrow\" href=\"https:\/\/estivarefratarios.com.br\/es\/estiva\/otras-aplicaciones\/\">\n            <i aria-hidden=\"true\" class=\"ci ci-right-arrow\"><\/i>        <\/a>\n                                    <\/div>\n                        <\/div>\n                                <\/div><!-- galleries -->\n        <\/div><!-- master-portfolio -->\n        \t\t<\/div>\n\t\t\t\t<\/div>\n\t\t\t\t\t<\/div>\n\t\t<\/div>\n\t\t\t\t\t<\/div>\n\t\t<\/section>\n\t\t\t\t<\/div>\n\t\t","protected":false},"excerpt":{"rendered":"<p>Mercados Pisos y Revestimientos Mercados Sanit\u00e1rios Mercados Loza de Mesa (Vajillas) Mercados Cer\u00e1mica Art\u00edstica Mercados Metalurgia de Polvos Mercados Tratamiento T\u00e9rmico Mercados Fabricantes de Equipos Mercados Cer\u00e1mica Estructural Mercados Aisladores \/ Porcelana El\u00e9ctrica Mercados Hornos El\u00e9ctricos Mercados Colorantes Mercados Abrasivos Mercados Industria Alimenticia Mercados Otras Aplicaciones<\/p>\n","protected":false},"author":1,"featured_media":0,"parent":0,"menu_order":0,"comment_status":"closed","ping_status":"closed","template":"","meta":{"footnotes":""},"class_list":["post-5970","page","type-page","status-publish","hentry"],"aioseo_notices":[],"_links":{"self":[{"href":"https:\/\/estivarefratarios.com.br\/es\/wp-json\/wp\/v2\/pages\/5970"}],"collection":[{"href":"https:\/\/estivarefratarios.com.br\/es\/wp-json\/wp\/v2\/pages"}],"about":[{"href":"https:\/\/estivarefratarios.com.br\/es\/wp-json\/wp\/v2\/types\/page"}],"author":[{"embeddable":true,"href":"https:\/\/estivarefratarios.com.br\/es\/wp-json\/wp\/v2\/users\/1"}],"replies":[{"embeddable":true,"href":"https:\/\/estivarefratarios.com.br\/es\/wp-json\/wp\/v2\/comments?post=5970"}],"version-history":[{"count":13,"href":"https:\/\/estivarefratarios.com.br\/es\/wp-json\/wp\/v2\/pages\/5970\/revisions"}],"predecessor-version":[{"id":6992,"href":"https:\/\/estivarefratarios.com.br\/es\/wp-json\/wp\/v2\/pages\/5970\/revisions\/6992"}],"wp:attachment":[{"href":"https:\/\/estivarefratarios.com.br\/es\/wp-json\/wp\/v2\/media?parent=5970"}],"curies":[{"name":"wp","href":"https:\/\/api.w.org\/{rel}","templated":true}]}}