{"id":5966,"date":"2024-08-28T16:12:55","date_gmt":"2024-08-28T19:12:55","guid":{"rendered":"https:\/\/estivarefratarios.com.br\/solucoes\/"},"modified":"2024-09-09T16:25:46","modified_gmt":"2024-09-09T19:25:46","slug":"soluciones","status":"publish","type":"page","link":"https:\/\/estivarefratarios.com.br\/es\/soluciones\/","title":{"rendered":"Soluciones"},"content":{"rendered":"\t\t<div data-elementor-type=\"wp-page\" data-elementor-id=\"5966\" class=\"elementor elementor-5966 elementor-4962\" data-elementor-post-type=\"page\">\n\t\t\t\t\t\t<section class=\"elementor-section elementor-top-section elementor-element elementor-element-60f2aaf elementor-section-boxed elementor-section-height-default elementor-section-height-default\" data-id=\"60f2aaf\" data-element_type=\"section\">\n\t\t\t\t\t\t<div class=\"elementor-container elementor-column-gap-default\">\n\t\t\t\t\t<div class=\"elementor-column elementor-col-100 elementor-top-column elementor-element elementor-element-f748dc4\" data-id=\"f748dc4\" data-element_type=\"column\">\n\t\t\t<div class=\"elementor-widget-wrap elementor-element-populated\">\n\t\t\t\t\t\t<div class=\"elementor-element elementor-element-cad144b elementor-widget elementor-widget-mae-project-grid\" data-id=\"cad144b\" data-element_type=\"widget\" data-widget_type=\"mae-project-grid.default\">\n\t\t\t\t<div class=\"elementor-widget-container\">\n\t\t\t\n        <div class=\"master-portfolio\" data-config='{\"columns\":\"3,3,2,1\",\"gapHorizontal\":0,\"gapVertical\":30,\"layoutMode\":\"grid\"}'>\n            <div class=\"galleries cbp\">\n                                    \n                        <div class=\"cbp-item\">\n                            <div class=\"master-project style-2\">\n                            <a class=\"thumb\" href=\"https:\/\/estivarefratarios.com.br\/es\/estiva\/mobiliario-de-hornos\/\" aria-label=\"Mobiliario de Hornos\"><span class=\"inner\"><img fetchpriority=\"high\" decoding=\"async\" width=\"370\" height=\"400\" src=\"https:\/\/estivarefratarios.com.br\/wp-content\/uploads\/2024\/08\/mobilia-de-fornos-26-370x400.png\" class=\"attachment-mae-std2 size-mae-std2 wp-post-image\" alt=\"\" \/><\/span><\/a><div class=\"content-wrap\"><div class=\"cat-wrap\"><a class=\"cat-item\" href=\"https:\/\/estivarefratarios.com.br\/es\/project_category\/solucoes-es\/\">Solu\u00e7\u00f5es<\/a><\/div><h3 class=\"headline-2\"><a href=\"https:\/\/estivarefratarios.com.br\/es\/estiva\/mobiliario-de-hornos\/\">Mobiliario de Hornos<\/a><\/h3>        <a aria-label=\"button\" class=\"arrow\" href=\"https:\/\/estivarefratarios.com.br\/es\/estiva\/mobiliario-de-hornos\/\">\n            <i aria-hidden=\"true\" class=\"ci ci-right-arrow\"><\/i>        <\/a>\n        <\/div>        <a aria-label=\"button\" class=\"arrow\" href=\"https:\/\/estivarefratarios.com.br\/es\/estiva\/mobiliario-de-hornos\/\">\n            <i aria-hidden=\"true\" class=\"ci ci-right-arrow\"><\/i>        <\/a>\n                                    <\/div>\n                        <\/div>\n                    \n                        <div class=\"cbp-item\">\n                            <div class=\"master-project style-2\">\n                            <a class=\"thumb\" href=\"https:\/\/estivarefratarios.com.br\/es\/estiva\/perimetro-y-revestimiento-de-vagonetas\/\" aria-label=\"Per\u00edmetro y Revestimiento de Vagonetas\"><span class=\"inner\"><img decoding=\"async\" width=\"370\" height=\"400\" src=\"https:\/\/estivarefratarios.com.br\/wp-content\/uploads\/2024\/08\/bordas-e-revestimentos-07-1-370x400.png\" class=\"attachment-mae-std2 size-mae-std2 wp-post-image\" alt=\"\" \/><\/span><\/a><div class=\"content-wrap\"><div class=\"cat-wrap\"><a class=\"cat-item\" href=\"https:\/\/estivarefratarios.com.br\/es\/project_category\/solucoes-es\/\">Solu\u00e7\u00f5es<\/a><\/div><h3 class=\"headline-2\"><a href=\"https:\/\/estivarefratarios.com.br\/es\/estiva\/perimetro-y-revestimiento-de-vagonetas\/\">Per\u00edmetro y Revestimiento de Vagonetas<\/a><\/h3>        <a aria-label=\"button\" class=\"arrow\" href=\"https:\/\/estivarefratarios.com.br\/es\/estiva\/perimetro-y-revestimiento-de-vagonetas\/\">\n            <i aria-hidden=\"true\" class=\"ci ci-right-arrow\"><\/i>        <\/a>\n        <\/div>        <a aria-label=\"button\" class=\"arrow\" href=\"https:\/\/estivarefratarios.com.br\/es\/estiva\/perimetro-y-revestimiento-de-vagonetas\/\">\n            <i aria-hidden=\"true\" class=\"ci ci-right-arrow\"><\/i>        <\/a>\n                                    <\/div>\n                        <\/div>\n                    \n                        <div class=\"cbp-item\">\n                            <div class=\"master-project style-2\">\n                            <a class=\"thumb\" href=\"https:\/\/estivarefratarios.com.br\/es\/estiva\/base-de-vagoneta-bloques-pasa-fuego\/\" aria-label=\"Base de Vagoneta \/ Bloques Pasa Fuego\"><span class=\"inner\"><img decoding=\"async\" width=\"370\" height=\"400\" src=\"https:\/\/estivarefratarios.com.br\/wp-content\/uploads\/2024\/08\/bloco-passa-fogo-03-1-370x400.png\" class=\"attachment-mae-std2 size-mae-std2 wp-post-image\" alt=\"\" \/><\/span><\/a><div class=\"content-wrap\"><div class=\"cat-wrap\"><a class=\"cat-item\" href=\"https:\/\/estivarefratarios.com.br\/es\/project_category\/solucoes-es\/\">Solu\u00e7\u00f5es<\/a><\/div><h3 class=\"headline-2\"><a href=\"https:\/\/estivarefratarios.com.br\/es\/estiva\/base-de-vagoneta-bloques-pasa-fuego\/\">Base de Vagoneta \/ Bloques Pasa Fuego<\/a><\/h3>        <a aria-label=\"button\" class=\"arrow\" href=\"https:\/\/estivarefratarios.com.br\/es\/estiva\/base-de-vagoneta-bloques-pasa-fuego\/\">\n            <i aria-hidden=\"true\" class=\"ci ci-right-arrow\"><\/i>        <\/a>\n        <\/div>        <a aria-label=\"button\" class=\"arrow\" href=\"https:\/\/estivarefratarios.com.br\/es\/estiva\/base-de-vagoneta-bloques-pasa-fuego\/\">\n            <i aria-hidden=\"true\" class=\"ci ci-right-arrow\"><\/i>        <\/a>\n                                    <\/div>\n                        <\/div>\n                    \n                        <div class=\"cbp-item\">\n                            <div class=\"master-project style-2\">\n                            <a class=\"thumb\" href=\"https:\/\/estivarefratarios.com.br\/es\/estiva\/placas\/\" aria-label=\"Placas\"><span class=\"inner\"><img loading=\"lazy\" decoding=\"async\" width=\"370\" height=\"400\" src=\"https:\/\/estivarefratarios.com.br\/wp-content\/uploads\/2024\/08\/placas18-1-370x400.png\" class=\"attachment-mae-std2 size-mae-std2 wp-post-image\" alt=\"\" \/><\/span><\/a><div class=\"content-wrap\"><div class=\"cat-wrap\"><a class=\"cat-item\" href=\"https:\/\/estivarefratarios.com.br\/es\/project_category\/solucoes-es\/\">Solu\u00e7\u00f5es<\/a><\/div><h3 class=\"headline-2\"><a href=\"https:\/\/estivarefratarios.com.br\/es\/estiva\/placas\/\">Placas<\/a><\/h3>        <a aria-label=\"button\" class=\"arrow\" href=\"https:\/\/estivarefratarios.com.br\/es\/estiva\/placas\/\">\n            <i aria-hidden=\"true\" class=\"ci ci-right-arrow\"><\/i>        <\/a>\n        <\/div>        <a aria-label=\"button\" class=\"arrow\" href=\"https:\/\/estivarefratarios.com.br\/es\/estiva\/placas\/\">\n            <i aria-hidden=\"true\" class=\"ci ci-right-arrow\"><\/i>        <\/a>\n                                    <\/div>\n                        <\/div>\n                    \n                        <div class=\"cbp-item\">\n                            <div class=\"master-project style-2\">\n                            <a class=\"thumb\" href=\"https:\/\/estivarefratarios.com.br\/es\/estiva\/piezas-especiales\/\" aria-label=\"Piezas Especiales\"><span class=\"inner\"><img loading=\"lazy\" decoding=\"async\" width=\"370\" height=\"400\" src=\"https:\/\/estivarefratarios.com.br\/wp-content\/uploads\/2024\/08\/pecas_especiais_23-1-370x400.png\" class=\"attachment-mae-std2 size-mae-std2 wp-post-image\" alt=\"\" \/><\/span><\/a><div class=\"content-wrap\"><div class=\"cat-wrap\"><a class=\"cat-item\" href=\"https:\/\/estivarefratarios.com.br\/es\/project_category\/solucoes-es\/\">Solu\u00e7\u00f5es<\/a><\/div><h3 class=\"headline-2\"><a href=\"https:\/\/estivarefratarios.com.br\/es\/estiva\/piezas-especiales\/\">Piezas Especiales<\/a><\/h3>        <a aria-label=\"button\" class=\"arrow\" href=\"https:\/\/estivarefratarios.com.br\/es\/estiva\/piezas-especiales\/\">\n            <i aria-hidden=\"true\" class=\"ci ci-right-arrow\"><\/i>        <\/a>\n        <\/div>        <a aria-label=\"button\" class=\"arrow\" href=\"https:\/\/estivarefratarios.com.br\/es\/estiva\/piezas-especiales\/\">\n            <i aria-hidden=\"true\" class=\"ci ci-right-arrow\"><\/i>        <\/a>\n                                    <\/div>\n                        <\/div>\n                    \n                        <div class=\"cbp-item\">\n                            <div class=\"master-project style-2\">\n                            <a class=\"thumb\" href=\"https:\/\/estivarefratarios.com.br\/es\/estiva\/rodillos-ceramicos\/\" aria-label=\"Rodillos Cer\u00e1micos\"><span class=\"inner\"><img loading=\"lazy\" decoding=\"async\" width=\"370\" height=\"400\" src=\"https:\/\/estivarefratarios.com.br\/wp-content\/uploads\/2024\/08\/rolos_ceramicos02-1-1-370x400.png\" class=\"attachment-mae-std2 size-mae-std2 wp-post-image\" alt=\"\" \/><\/span><\/a><div class=\"content-wrap\"><div class=\"cat-wrap\"><a class=\"cat-item\" href=\"https:\/\/estivarefratarios.com.br\/es\/project_category\/solucoes-es\/\">Solu\u00e7\u00f5es<\/a><\/div><h3 class=\"headline-2\"><a href=\"https:\/\/estivarefratarios.com.br\/es\/estiva\/rodillos-ceramicos\/\">Rodillos Cer\u00e1micos<\/a><\/h3>        <a aria-label=\"button\" class=\"arrow\" href=\"https:\/\/estivarefratarios.com.br\/es\/estiva\/rodillos-ceramicos\/\">\n            <i aria-hidden=\"true\" class=\"ci ci-right-arrow\"><\/i>        <\/a>\n        <\/div>        <a aria-label=\"button\" class=\"arrow\" href=\"https:\/\/estivarefratarios.com.br\/es\/estiva\/rodillos-ceramicos\/\">\n            <i aria-hidden=\"true\" class=\"ci ci-right-arrow\"><\/i>        <\/a>\n                                    <\/div>\n                        <\/div>\n                    \n                        <div class=\"cbp-item\">\n                            <div class=\"master-project style-2\">\n                            <a class=\"thumb\" href=\"https:\/\/estivarefratarios.com.br\/es\/estiva\/techo-y-pared-de-hornos\/\" aria-label=\"Techo y Pared de Hornos\"><span class=\"inner\"><img loading=\"lazy\" decoding=\"async\" width=\"370\" height=\"400\" src=\"https:\/\/estivarefratarios.com.br\/wp-content\/uploads\/2024\/08\/teto_parede_06-370x400.png\" class=\"attachment-mae-std2 size-mae-std2 wp-post-image\" alt=\"\" \/><\/span><\/a><div class=\"content-wrap\"><div class=\"cat-wrap\"><a class=\"cat-item\" href=\"https:\/\/estivarefratarios.com.br\/es\/project_category\/solucoes-es\/\">Solu\u00e7\u00f5es<\/a><\/div><h3 class=\"headline-2\"><a href=\"https:\/\/estivarefratarios.com.br\/es\/estiva\/techo-y-pared-de-hornos\/\">Techo y Pared de Hornos<\/a><\/h3>        <a aria-label=\"button\" class=\"arrow\" href=\"https:\/\/estivarefratarios.com.br\/es\/estiva\/techo-y-pared-de-hornos\/\">\n            <i aria-hidden=\"true\" class=\"ci ci-right-arrow\"><\/i>        <\/a>\n        <\/div>        <a aria-label=\"button\" class=\"arrow\" href=\"https:\/\/estivarefratarios.com.br\/es\/estiva\/techo-y-pared-de-hornos\/\">\n            <i aria-hidden=\"true\" class=\"ci ci-right-arrow\"><\/i>        <\/a>\n                                    <\/div>\n                        <\/div>\n                    \n                        <div class=\"cbp-item\">\n                            <div class=\"master-project style-2\">\n                            <a class=\"thumb\" href=\"https:\/\/estivarefratarios.com.br\/es\/estiva\/cajas-para-calcinacion\/\" aria-label=\"Cajas para Calcinaci\u00f3n\"><span class=\"inner\"><img loading=\"lazy\" decoding=\"async\" width=\"370\" height=\"400\" src=\"https:\/\/estivarefratarios.com.br\/wp-content\/uploads\/2024\/08\/caixa-de-calcinacao-01-370x400.png\" class=\"attachment-mae-std2 size-mae-std2 wp-post-image\" alt=\"\" \/><\/span><\/a><div class=\"content-wrap\"><div class=\"cat-wrap\"><a class=\"cat-item\" href=\"https:\/\/estivarefratarios.com.br\/es\/project_category\/solucoes-es\/\">Solu\u00e7\u00f5es<\/a><\/div><h3 class=\"headline-2\"><a href=\"https:\/\/estivarefratarios.com.br\/es\/estiva\/cajas-para-calcinacion\/\">Cajas para Calcinaci\u00f3n<\/a><\/h3>        <a aria-label=\"button\" class=\"arrow\" href=\"https:\/\/estivarefratarios.com.br\/es\/estiva\/cajas-para-calcinacion\/\">\n            <i aria-hidden=\"true\" class=\"ci ci-right-arrow\"><\/i>        <\/a>\n        <\/div>        <a aria-label=\"button\" class=\"arrow\" href=\"https:\/\/estivarefratarios.com.br\/es\/estiva\/cajas-para-calcinacion\/\">\n            <i aria-hidden=\"true\" class=\"ci ci-right-arrow\"><\/i>        <\/a>\n                                    <\/div>\n                        <\/div>\n                    \n                        <div class=\"cbp-item\">\n                            <div class=\"master-project style-2\">\n                            <a class=\"thumb\" href=\"https:\/\/estivarefratarios.com.br\/es\/estiva\/refractarios-en-carburo-de-silicio-sic\/\" aria-label=\"Refractarios en Carburo de Silicio (SiC)\"><span class=\"inner\"><img loading=\"lazy\" decoding=\"async\" width=\"370\" height=\"400\" src=\"https:\/\/estivarefratarios.com.br\/wp-content\/uploads\/2024\/08\/carbetoooo-370x400.png\" class=\"attachment-mae-std2 size-mae-std2 wp-post-image\" alt=\"\" \/><\/span><\/a><div class=\"content-wrap\"><div class=\"cat-wrap\"><a class=\"cat-item\" href=\"https:\/\/estivarefratarios.com.br\/es\/project_category\/solucoes-es\/\">Solu\u00e7\u00f5es<\/a><\/div><h3 class=\"headline-2\"><a href=\"https:\/\/estivarefratarios.com.br\/es\/estiva\/refractarios-en-carburo-de-silicio-sic\/\">Refractarios en Carburo de Silicio (SiC)<\/a><\/h3>        <a aria-label=\"button\" class=\"arrow\" href=\"https:\/\/estivarefratarios.com.br\/es\/estiva\/refractarios-en-carburo-de-silicio-sic\/\">\n            <i aria-hidden=\"true\" class=\"ci ci-right-arrow\"><\/i>        <\/a>\n        <\/div>        <a aria-label=\"button\" class=\"arrow\" href=\"https:\/\/estivarefratarios.com.br\/es\/estiva\/refractarios-en-carburo-de-silicio-sic\/\">\n            <i aria-hidden=\"true\" class=\"ci ci-right-arrow\"><\/i>        <\/a>\n                                    <\/div>\n                        <\/div>\n                                <\/div><!-- galleries -->\n        <\/div><!-- master-portfolio -->\n        \t\t<\/div>\n\t\t\t\t<\/div>\n\t\t\t\t\t<\/div>\n\t\t<\/div>\n\t\t\t\t\t<\/div>\n\t\t<\/section>\n\t\t\t\t<\/div>\n\t\t","protected":false},"excerpt":{"rendered":"<p>Solu\u00e7\u00f5es Mobiliario de Hornos Solu\u00e7\u00f5es Per\u00edmetro y Revestimiento de Vagonetas Solu\u00e7\u00f5es Base de Vagoneta \/ Bloques Pasa Fuego Solu\u00e7\u00f5es Placas Solu\u00e7\u00f5es Piezas Especiales Solu\u00e7\u00f5es Rodillos Cer\u00e1micos Solu\u00e7\u00f5es Techo y Pared de Hornos Solu\u00e7\u00f5es Cajas para Calcinaci\u00f3n Solu\u00e7\u00f5es Refractarios en Carburo de Silicio (SiC)<\/p>\n","protected":false},"author":1,"featured_media":0,"parent":0,"menu_order":0,"comment_status":"closed","ping_status":"closed","template":"","meta":{"footnotes":""},"class_list":["post-5966","page","type-page","status-publish","hentry"],"aioseo_notices":[],"_links":{"self":[{"href":"https:\/\/estivarefratarios.com.br\/es\/wp-json\/wp\/v2\/pages\/5966"}],"collection":[{"href":"https:\/\/estivarefratarios.com.br\/es\/wp-json\/wp\/v2\/pages"}],"about":[{"href":"https:\/\/estivarefratarios.com.br\/es\/wp-json\/wp\/v2\/types\/page"}],"author":[{"embeddable":true,"href":"https:\/\/estivarefratarios.com.br\/es\/wp-json\/wp\/v2\/users\/1"}],"replies":[{"embeddable":true,"href":"https:\/\/estivarefratarios.com.br\/es\/wp-json\/wp\/v2\/comments?post=5966"}],"version-history":[{"count":13,"href":"https:\/\/estivarefratarios.com.br\/es\/wp-json\/wp\/v2\/pages\/5966\/revisions"}],"predecessor-version":[{"id":7001,"href":"https:\/\/estivarefratarios.com.br\/es\/wp-json\/wp\/v2\/pages\/5966\/revisions\/7001"}],"wp:attachment":[{"href":"https:\/\/estivarefratarios.com.br\/es\/wp-json\/wp\/v2\/media?parent=5966"}],"curies":[{"name":"wp","href":"https:\/\/api.w.org\/{rel}","templated":true}]}}