{"id":5960,"date":"2021-08-28T06:18:34","date_gmt":"2021-08-28T09:18:34","guid":{"rendered":"https:\/\/estivarefratarios.com.br\/blog\/"},"modified":"2024-09-09T16:24:33","modified_gmt":"2024-09-09T19:24:33","slug":"blog","status":"publish","type":"page","link":"https:\/\/estivarefratarios.com.br\/es\/blog\/","title":{"rendered":"Blog"},"content":{"rendered":"\t\t<div data-elementor-type=\"wp-page\" data-elementor-id=\"5960\" class=\"elementor elementor-5960 elementor-1967\" data-elementor-post-type=\"page\">\n\t\t\t\t\t\t<section class=\"elementor-section elementor-top-section elementor-element elementor-element-71132c9 elementor-section-boxed elementor-section-height-default elementor-section-height-default\" data-id=\"71132c9\" data-element_type=\"section\">\n\t\t\t\t\t\t<div class=\"elementor-container elementor-column-gap-default\">\n\t\t\t\t\t<div class=\"elementor-column elementor-col-100 elementor-top-column elementor-element elementor-element-8dffd8d\" data-id=\"8dffd8d\" data-element_type=\"column\">\n\t\t\t<div class=\"elementor-widget-wrap elementor-element-populated\">\n\t\t\t\t\t\t<div class=\"elementor-element elementor-element-f675861 item-has-shadow news-style-1 elementor-widget elementor-widget-mae-news-grid\" data-id=\"f675861\" data-element_type=\"widget\" data-widget_type=\"mae-news-grid.default\">\n\t\t\t\t<div class=\"elementor-widget-container\">\n\t\t\t\n        <div class=\"master-portfolio news-style-1\" data-config='{\"columns\":\"3,3,2,1\",\"gapHorizontal\":30,\"gapVertical\":30,\"layoutMode\":\"grid\"}'>\n            <div class=\"galleries cbp\">\n                                    \n                        <div class=\"master-news cbp-item\">\n                            <div class=\"image-wrap\"><a class=\"thumb\" href=\"https:\/\/estivarefratarios.com.br\/es\/novo-forno-folwyn1-um-novo-tempo-para-a-industria-ceramica-brasileira\/\" aria-label=\"Novo Forno Folwyn1: Um novo tempo para a ind\u00fastria cer\u00e2mica brasileira\"><span class=\"inner\"><img fetchpriority=\"high\" decoding=\"async\" width=\"1000\" height=\"604\" src=\"https:\/\/estivarefratarios.com.br\/wp-content\/uploads\/2022\/10\/estiva-novo-forno-folwyn1-predio.png\" class=\"attachment-mae-std6 size-mae-std6 wp-post-image\" alt=\"\" srcset=\"https:\/\/estivarefratarios.com.br\/wp-content\/uploads\/2022\/10\/estiva-novo-forno-folwyn1-predio.png 1000w, https:\/\/estivarefratarios.com.br\/wp-content\/uploads\/2022\/10\/estiva-novo-forno-folwyn1-predio-300x181.png 300w, https:\/\/estivarefratarios.com.br\/wp-content\/uploads\/2022\/10\/estiva-novo-forno-folwyn1-predio-768x464.png 768w\" sizes=\"(max-width: 1000px) 100vw, 1000px\" \/><\/span><\/a><span class=\"post-date square\"><span>28<\/span><span>Oct<\/span><\/span><\/div><div class=\"content-wrap\"><div class=\"post-meta\"><span class=\"post-by-author item\"><span class=\"prefix\">by<\/span> \n                    <a class=\"name\" href=\"https:\/\/estivarefratarios.com.br\/es\/author\/estivarefratarios\/\" title=\"View all posts by estivarefratarios\">estivarefratarios<\/a>\n                <\/span><\/div><h3 class=\"headline-2\"><a href=\"https:\/\/estivarefratarios.com.br\/es\/novo-forno-folwyn1-um-novo-tempo-para-a-industria-ceramica-brasileira\/\">Novo Forno Folwyn1: Um novo tempo para a ind\u00fastria cer\u00e2mica brasileira<\/a><\/h3><div class=\"desc\">[:pb]Mantendo uma de suas principais tradi\u00e7\u00f5es e com o intuito<\/div>            <div class=\"url-wrap\">\n                <a class=\"master-link  icon-none\" href=\"https:\/\/estivarefratarios.com.br\/es\/novo-forno-folwyn1-um-novo-tempo-para-a-industria-ceramica-brasileira\/\">\n                                        <span>Leia Mais<\/span>\n                                    <\/a>\n            <\/div>\n\n            <\/div>                        <\/div>\n                    \n                        <div class=\"master-news cbp-item\">\n                            <div class=\"image-wrap\"><a class=\"thumb\" href=\"https:\/\/estivarefratarios.com.br\/es\/nossa-geracao-de-energia-agora-vem-do-sol\/\" aria-label=\"Nossa gera\u00e7\u00e3o de energia, agora, vem do SOL!\"><span class=\"inner\"><img decoding=\"async\" width=\"802\" height=\"468\" src=\"https:\/\/estivarefratarios.com.br\/wp-content\/uploads\/2019\/10\/Nossa-geracao-de-energia-agora-vem-do-SOL.png\" class=\"attachment-mae-std6 size-mae-std6 wp-post-image\" alt=\"\" srcset=\"https:\/\/estivarefratarios.com.br\/wp-content\/uploads\/2019\/10\/Nossa-geracao-de-energia-agora-vem-do-SOL.png 802w, https:\/\/estivarefratarios.com.br\/wp-content\/uploads\/2019\/10\/Nossa-geracao-de-energia-agora-vem-do-SOL-300x175.png 300w, https:\/\/estivarefratarios.com.br\/wp-content\/uploads\/2019\/10\/Nossa-geracao-de-energia-agora-vem-do-SOL-768x448.png 768w\" sizes=\"(max-width: 802px) 100vw, 802px\" \/><\/span><\/a><span class=\"post-date square\"><span>17<\/span><span>Oct<\/span><\/span><\/div><div class=\"content-wrap\"><div class=\"post-meta\"><span class=\"post-by-author item\"><span class=\"prefix\">by<\/span> \n                    <a class=\"name\" href=\"https:\/\/estivarefratarios.com.br\/es\/author\/estivarefratarios\/\" title=\"View all posts by estivarefratarios\">estivarefratarios<\/a>\n                <\/span><\/div><h3 class=\"headline-2\"><a href=\"https:\/\/estivarefratarios.com.br\/es\/nossa-geracao-de-energia-agora-vem-do-sol\/\">Nossa gera\u00e7\u00e3o de energia, agora, vem do SOL!<\/a><\/h3><div class=\"desc\">[:pb]A Estiva Refrat\u00e1rios implantou, recentemente, em suas unidades e tamb\u00e9m<\/div>            <div class=\"url-wrap\">\n                <a class=\"master-link  icon-none\" href=\"https:\/\/estivarefratarios.com.br\/es\/nossa-geracao-de-energia-agora-vem-do-sol\/\">\n                                        <span>Leia Mais<\/span>\n                                    <\/a>\n            <\/div>\n\n            <\/div>                        <\/div>\n                    \n                        <div class=\"master-news cbp-item\">\n                            <div class=\"image-wrap\"><a class=\"thumb\" href=\"https:\/\/estivarefratarios.com.br\/es\/australia-um-pais-em-plena-ascensao\/\" aria-label=\"Austr\u00e1lia: Um pa\u00eds em plena ascens\u00e3o\"><span class=\"inner\"><img decoding=\"async\" width=\"802\" height=\"468\" src=\"https:\/\/estivarefratarios.com.br\/wp-content\/uploads\/2019\/09\/Australia-Um-pais-em-plena-ascensao.png\" class=\"attachment-mae-std6 size-mae-std6 wp-post-image\" alt=\"\" srcset=\"https:\/\/estivarefratarios.com.br\/wp-content\/uploads\/2019\/09\/Australia-Um-pais-em-plena-ascensao.png 802w, https:\/\/estivarefratarios.com.br\/wp-content\/uploads\/2019\/09\/Australia-Um-pais-em-plena-ascensao-300x175.png 300w, https:\/\/estivarefratarios.com.br\/wp-content\/uploads\/2019\/09\/Australia-Um-pais-em-plena-ascensao-768x448.png 768w\" sizes=\"(max-width: 802px) 100vw, 802px\" \/><\/span><\/a><span class=\"post-date square\"><span>18<\/span><span>Sep<\/span><\/span><\/div><div class=\"content-wrap\"><div class=\"post-meta\"><span class=\"post-by-author item\"><span class=\"prefix\">by<\/span> \n                    <a class=\"name\" href=\"https:\/\/estivarefratarios.com.br\/es\/author\/estivarefratarios\/\" title=\"View all posts by estivarefratarios\">estivarefratarios<\/a>\n                <\/span><\/div><h3 class=\"headline-2\"><a href=\"https:\/\/estivarefratarios.com.br\/es\/australia-um-pais-em-plena-ascensao\/\">Austr\u00e1lia: Um pa\u00eds em plena ascens\u00e3o<\/a><\/h3><div class=\"desc\">[:pb]A Austr\u00e1lia \u00e9 um jovem pa\u00eds, mas j\u00e1 ocupa um<\/div>            <div class=\"url-wrap\">\n                <a class=\"master-link  icon-none\" href=\"https:\/\/estivarefratarios.com.br\/es\/australia-um-pais-em-plena-ascensao\/\">\n                                        <span>Leia Mais<\/span>\n                                    <\/a>\n            <\/div>\n\n            <\/div>                        <\/div>\n                    \n                        <div class=\"master-news cbp-item\">\n                            <div class=\"image-wrap\"><a class=\"thumb\" href=\"https:\/\/estivarefratarios.com.br\/es\/algumas-curiosidades-sobre-a-turquia\/\" aria-label=\"Algumas curiosidades sobre a Turquia\"><span class=\"inner\"><img loading=\"lazy\" decoding=\"async\" width=\"802\" height=\"468\" src=\"https:\/\/estivarefratarios.com.br\/wp-content\/uploads\/2019\/08\/Algumas-curiosidades-sobre-a-Turquia.png\" class=\"attachment-mae-std6 size-mae-std6 wp-post-image\" alt=\"\" srcset=\"https:\/\/estivarefratarios.com.br\/wp-content\/uploads\/2019\/08\/Algumas-curiosidades-sobre-a-Turquia.png 802w, https:\/\/estivarefratarios.com.br\/wp-content\/uploads\/2019\/08\/Algumas-curiosidades-sobre-a-Turquia-300x175.png 300w, https:\/\/estivarefratarios.com.br\/wp-content\/uploads\/2019\/08\/Algumas-curiosidades-sobre-a-Turquia-768x448.png 768w\" sizes=\"(max-width: 802px) 100vw, 802px\" \/><\/span><\/a><span class=\"post-date square\"><span>21<\/span><span>Ago<\/span><\/span><\/div><div class=\"content-wrap\"><div class=\"post-meta\"><span class=\"post-by-author item\"><span class=\"prefix\">by<\/span> \n                    <a class=\"name\" href=\"https:\/\/estivarefratarios.com.br\/es\/author\/estivarefratarios\/\" title=\"View all posts by estivarefratarios\">estivarefratarios<\/a>\n                <\/span><\/div><h3 class=\"headline-2\"><a href=\"https:\/\/estivarefratarios.com.br\/es\/algumas-curiosidades-sobre-a-turquia\/\">Algumas curiosidades sobre a Turquia<\/a><\/h3><div class=\"desc\">[:pb]A Turquia \u00e9 uma na\u00e7\u00e3o milenar, com uma cultura muito<\/div>            <div class=\"url-wrap\">\n                <a class=\"master-link  icon-none\" href=\"https:\/\/estivarefratarios.com.br\/es\/algumas-curiosidades-sobre-a-turquia\/\">\n                                        <span>Leia Mais<\/span>\n                                    <\/a>\n            <\/div>\n\n            <\/div>                        <\/div>\n                    \n                        <div class=\"master-news cbp-item\">\n                            <div class=\"image-wrap\"><a class=\"thumb\" href=\"https:\/\/estivarefratarios.com.br\/es\/kintsukuroi-a-arte-de-reparar-a-ceramica-quebrada\/\" aria-label=\"Kintsukuroi: A arte de reparar a cer\u00e2mica quebrada\"><span class=\"inner\"><img loading=\"lazy\" decoding=\"async\" width=\"1200\" height=\"628\" src=\"https:\/\/estivarefratarios.com.br\/wp-content\/uploads\/2019\/06\/11_06.png\" class=\"attachment-mae-std6 size-mae-std6 wp-post-image\" alt=\"\" srcset=\"https:\/\/estivarefratarios.com.br\/wp-content\/uploads\/2019\/06\/11_06.png 1200w, https:\/\/estivarefratarios.com.br\/wp-content\/uploads\/2019\/06\/11_06-300x157.png 300w, https:\/\/estivarefratarios.com.br\/wp-content\/uploads\/2019\/06\/11_06-1024x536.png 1024w, https:\/\/estivarefratarios.com.br\/wp-content\/uploads\/2019\/06\/11_06-768x402.png 768w\" sizes=\"(max-width: 1200px) 100vw, 1200px\" \/><\/span><\/a><span class=\"post-date square\"><span>12<\/span><span>Jun<\/span><\/span><\/div><div class=\"content-wrap\"><div class=\"post-meta\"><span class=\"post-by-author item\"><span class=\"prefix\">by<\/span> \n                    <a class=\"name\" href=\"https:\/\/estivarefratarios.com.br\/es\/author\/estivarefratarios\/\" title=\"View all posts by estivarefratarios\">estivarefratarios<\/a>\n                <\/span><\/div><h3 class=\"headline-2\"><a href=\"https:\/\/estivarefratarios.com.br\/es\/kintsukuroi-a-arte-de-reparar-a-ceramica-quebrada\/\">Kintsukuroi: A arte de reparar a cer\u00e2mica quebrada<\/a><\/h3><div class=\"desc\">[:pb]Al\u00e9m de ser uma forma de reparar a cer\u00e2mica quebrada,<\/div>            <div class=\"url-wrap\">\n                <a class=\"master-link  icon-none\" href=\"https:\/\/estivarefratarios.com.br\/es\/kintsukuroi-a-arte-de-reparar-a-ceramica-quebrada\/\">\n                                        <span>Leia Mais<\/span>\n                                    <\/a>\n            <\/div>\n\n            <\/div>                        <\/div>\n                    \n                        <div class=\"master-news cbp-item\">\n                            <div class=\"image-wrap\"><a class=\"thumb\" href=\"https:\/\/estivarefratarios.com.br\/es\/a-beleza-e-o-requinte-das-panelas-feitas-de-ceramica\/\" aria-label=\"A beleza e o requinte das panelas feitas de cer\u00e2mica\"><span class=\"inner\"><img loading=\"lazy\" decoding=\"async\" width=\"1200\" height=\"628\" src=\"https:\/\/estivarefratarios.com.br\/wp-content\/uploads\/2019\/03\/14_03_site.png\" class=\"attachment-mae-std6 size-mae-std6 wp-post-image\" alt=\"\" srcset=\"https:\/\/estivarefratarios.com.br\/wp-content\/uploads\/2019\/03\/14_03_site.png 1200w, https:\/\/estivarefratarios.com.br\/wp-content\/uploads\/2019\/03\/14_03_site-300x157.png 300w, https:\/\/estivarefratarios.com.br\/wp-content\/uploads\/2019\/03\/14_03_site-1024x536.png 1024w, https:\/\/estivarefratarios.com.br\/wp-content\/uploads\/2019\/03\/14_03_site-768x402.png 768w\" sizes=\"(max-width: 1200px) 100vw, 1200px\" \/><\/span><\/a><span class=\"post-date square\"><span>28<\/span><span>Mar<\/span><\/span><\/div><div class=\"content-wrap\"><div class=\"post-meta\"><span class=\"post-by-author item\"><span class=\"prefix\">by<\/span> \n                    <a class=\"name\" href=\"https:\/\/estivarefratarios.com.br\/es\/author\/estivarefratarios\/\" title=\"View all posts by estivarefratarios\">estivarefratarios<\/a>\n                <\/span><\/div><h3 class=\"headline-2\"><a href=\"https:\/\/estivarefratarios.com.br\/es\/a-beleza-e-o-requinte-das-panelas-feitas-de-ceramica\/\">A beleza e o requinte das panelas feitas de cer\u00e2mica<\/a><\/h3><div class=\"desc\">[:pb]A beleza das panelas de cer\u00e2mica \u00e9 uma unanimidade dif\u00edcil<\/div>            <div class=\"url-wrap\">\n                <a class=\"master-link  icon-none\" href=\"https:\/\/estivarefratarios.com.br\/es\/a-beleza-e-o-requinte-das-panelas-feitas-de-ceramica\/\">\n                                        <span>Leia Mais<\/span>\n                                    <\/a>\n            <\/div>\n\n            <\/div>                        <\/div>\n                                <\/div><!-- galleries -->\n        <\/div><!-- master-portfolio -->\n        <div class=\"izeetak-pagination clearfix\"><ul class='page-numbers'>\n\t<li><span aria-current=\"page\" class=\"page-numbers current\">1<\/span><\/li>\n\t<li><a class=\"page-numbers\" href=\"https:\/\/estivarefratarios.com.br\/es\/wp-json\/wp\/v2\/pages\/5960\/page\/2\/\">2<\/a><\/li>\n\t<li><a class=\"page-numbers\" href=\"https:\/\/estivarefratarios.com.br\/es\/wp-json\/wp\/v2\/pages\/5960\/page\/3\/\">3<\/a><\/li>\n\t<li><a class=\"page-numbers\" href=\"https:\/\/estivarefratarios.com.br\/es\/wp-json\/wp\/v2\/pages\/5960\/page\/4\/\">4<\/a><\/li>\n\t<li><span class=\"page-numbers dots\">&hellip;<\/span><\/li>\n\t<li><a class=\"page-numbers\" href=\"https:\/\/estivarefratarios.com.br\/es\/wp-json\/wp\/v2\/pages\/5960\/page\/8\/\">8<\/a><\/li>\n\t<li><a class=\"next page-numbers\" href=\"https:\/\/estivarefratarios.com.br\/es\/wp-json\/wp\/v2\/pages\/5960\/page\/2\/\"><i class=\"ci-chevron-right\"><\/i><\/a><\/li>\n<\/ul>\n<\/div>\t\t<\/div>\n\t\t\t\t<\/div>\n\t\t\t\t\t<\/div>\n\t\t<\/div>\n\t\t\t\t\t<\/div>\n\t\t<\/section>\n\t\t\t\t<\/div>\n\t\t","protected":false},"excerpt":{"rendered":"<p>News item not found!<\/p>\n","protected":false},"author":1,"featured_media":0,"parent":0,"menu_order":0,"comment_status":"closed","ping_status":"closed","template":"","meta":{"footnotes":""},"class_list":["post-5960","page","type-page","status-publish","hentry"],"aioseo_notices":[],"_links":{"self":[{"href":"https:\/\/estivarefratarios.com.br\/es\/wp-json\/wp\/v2\/pages\/5960"}],"collection":[{"href":"https:\/\/estivarefratarios.com.br\/es\/wp-json\/wp\/v2\/pages"}],"about":[{"href":"https:\/\/estivarefratarios.com.br\/es\/wp-json\/wp\/v2\/types\/page"}],"author":[{"embeddable":true,"href":"https:\/\/estivarefratarios.com.br\/es\/wp-json\/wp\/v2\/users\/1"}],"replies":[{"embeddable":true,"href":"https:\/\/estivarefratarios.com.br\/es\/wp-json\/wp\/v2\/comments?post=5960"}],"version-history":[{"count":9,"href":"https:\/\/estivarefratarios.com.br\/es\/wp-json\/wp\/v2\/pages\/5960\/revisions"}],"predecessor-version":[{"id":6980,"href":"https:\/\/estivarefratarios.com.br\/es\/wp-json\/wp\/v2\/pages\/5960\/revisions\/6980"}],"wp:attachment":[{"href":"https:\/\/estivarefratarios.com.br\/es\/wp-json\/wp\/v2\/media?parent=5960"}],"curies":[{"name":"wp","href":"https:\/\/api.w.org\/{rel}","templated":true}]}}