{"id":5965,"date":"2024-08-28T16:12:55","date_gmt":"2024-08-28T19:12:55","guid":{"rendered":"https:\/\/estivarefratarios.com.br\/solucoes\/"},"modified":"2024-09-09T16:24:04","modified_gmt":"2024-09-09T19:24:04","slug":"solutions","status":"publish","type":"page","link":"https:\/\/estivarefratarios.com.br\/en\/solutions\/","title":{"rendered":"Solutions"},"content":{"rendered":"\t\t<div data-elementor-type=\"wp-page\" data-elementor-id=\"5965\" class=\"elementor elementor-5965 elementor-4962\" data-elementor-post-type=\"page\">\n\t\t\t\t\t\t<section class=\"elementor-section elementor-top-section elementor-element elementor-element-60f2aaf elementor-section-boxed elementor-section-height-default elementor-section-height-default\" data-id=\"60f2aaf\" data-element_type=\"section\">\n\t\t\t\t\t\t<div class=\"elementor-container elementor-column-gap-default\">\n\t\t\t\t\t<div class=\"elementor-column elementor-col-100 elementor-top-column elementor-element elementor-element-f748dc4\" data-id=\"f748dc4\" data-element_type=\"column\">\n\t\t\t<div class=\"elementor-widget-wrap elementor-element-populated\">\n\t\t\t\t\t\t<div class=\"elementor-element elementor-element-cad144b elementor-widget elementor-widget-mae-project-grid\" data-id=\"cad144b\" data-element_type=\"widget\" data-widget_type=\"mae-project-grid.default\">\n\t\t\t\t<div class=\"elementor-widget-container\">\n\t\t\t\n        <div class=\"master-portfolio\" data-config='{\"columns\":\"3,3,2,1\",\"gapHorizontal\":0,\"gapVertical\":30,\"layoutMode\":\"grid\"}'>\n            <div class=\"galleries cbp\">\n                                    \n                        <div class=\"cbp-item\">\n                            <div class=\"master-project style-2\">\n                            <a class=\"thumb\" href=\"https:\/\/estivarefratarios.com.br\/en\/estiva\/kiln-furniture\/\" aria-label=\"Kiln Furniture\"><span class=\"inner\"><img fetchpriority=\"high\" decoding=\"async\" width=\"370\" height=\"400\" src=\"https:\/\/estivarefratarios.com.br\/wp-content\/uploads\/2024\/08\/mobilia-de-fornos-26-370x400.png\" class=\"attachment-mae-std2 size-mae-std2 wp-post-image\" alt=\"\" \/><\/span><\/a><div class=\"content-wrap\"><div class=\"cat-wrap\"><a class=\"cat-item\" href=\"https:\/\/estivarefratarios.com.br\/en\/project_category\/solucoes-en\/\">Solu\u00e7\u00f5es<\/a><\/div><h3 class=\"headline-2\"><a href=\"https:\/\/estivarefratarios.com.br\/en\/estiva\/kiln-furniture\/\">Kiln Furniture<\/a><\/h3>        <a aria-label=\"button\" class=\"arrow\" href=\"https:\/\/estivarefratarios.com.br\/en\/estiva\/kiln-furniture\/\">\n            <i aria-hidden=\"true\" class=\"ci ci-right-arrow\"><\/i>        <\/a>\n        <\/div>        <a aria-label=\"button\" class=\"arrow\" href=\"https:\/\/estivarefratarios.com.br\/en\/estiva\/kiln-furniture\/\">\n            <i aria-hidden=\"true\" class=\"ci ci-right-arrow\"><\/i>        <\/a>\n                                    <\/div>\n                        <\/div>\n                    \n                        <div class=\"cbp-item\">\n                            <div class=\"master-project style-2\">\n                            <a class=\"thumb\" href=\"https:\/\/estivarefratarios.com.br\/en\/estiva\/car-kiln-perimeter-blocks\/\" aria-label=\"Car Kiln Perimeter Blocks\"><span class=\"inner\"><img decoding=\"async\" width=\"370\" height=\"400\" src=\"https:\/\/estivarefratarios.com.br\/wp-content\/uploads\/2024\/08\/bordas-e-revestimentos-07-1-370x400.png\" class=\"attachment-mae-std2 size-mae-std2 wp-post-image\" alt=\"\" \/><\/span><\/a><div class=\"content-wrap\"><div class=\"cat-wrap\"><a class=\"cat-item\" href=\"https:\/\/estivarefratarios.com.br\/en\/project_category\/solucoes-en\/\">Solu\u00e7\u00f5es<\/a><\/div><h3 class=\"headline-2\"><a href=\"https:\/\/estivarefratarios.com.br\/en\/estiva\/car-kiln-perimeter-blocks\/\">Car Kiln Perimeter Blocks<\/a><\/h3>        <a aria-label=\"button\" class=\"arrow\" href=\"https:\/\/estivarefratarios.com.br\/en\/estiva\/car-kiln-perimeter-blocks\/\">\n            <i aria-hidden=\"true\" class=\"ci ci-right-arrow\"><\/i>        <\/a>\n        <\/div>        <a aria-label=\"button\" class=\"arrow\" href=\"https:\/\/estivarefratarios.com.br\/en\/estiva\/car-kiln-perimeter-blocks\/\">\n            <i aria-hidden=\"true\" class=\"ci ci-right-arrow\"><\/i>        <\/a>\n                                    <\/div>\n                        <\/div>\n                    \n                        <div class=\"cbp-item\">\n                            <div class=\"master-project style-2\">\n                            <a class=\"thumb\" href=\"https:\/\/estivarefratarios.com.br\/en\/estiva\/car-top-and-viaduct-blocks\/\" aria-label=\"Car Top and Viaduct Blocks\"><span class=\"inner\"><img decoding=\"async\" width=\"370\" height=\"400\" src=\"https:\/\/estivarefratarios.com.br\/wp-content\/uploads\/2024\/08\/bloco-passa-fogo-03-1-370x400.png\" class=\"attachment-mae-std2 size-mae-std2 wp-post-image\" alt=\"\" \/><\/span><\/a><div class=\"content-wrap\"><div class=\"cat-wrap\"><a class=\"cat-item\" href=\"https:\/\/estivarefratarios.com.br\/en\/project_category\/solucoes-en\/\">Solu\u00e7\u00f5es<\/a><\/div><h3 class=\"headline-2\"><a href=\"https:\/\/estivarefratarios.com.br\/en\/estiva\/car-top-and-viaduct-blocks\/\">Car Top and Viaduct Blocks<\/a><\/h3>        <a aria-label=\"button\" class=\"arrow\" href=\"https:\/\/estivarefratarios.com.br\/en\/estiva\/car-top-and-viaduct-blocks\/\">\n            <i aria-hidden=\"true\" class=\"ci ci-right-arrow\"><\/i>        <\/a>\n        <\/div>        <a aria-label=\"button\" class=\"arrow\" href=\"https:\/\/estivarefratarios.com.br\/en\/estiva\/car-top-and-viaduct-blocks\/\">\n            <i aria-hidden=\"true\" class=\"ci ci-right-arrow\"><\/i>        <\/a>\n                                    <\/div>\n                        <\/div>\n                    \n                        <div class=\"cbp-item\">\n                            <div class=\"master-project style-2\">\n                            <a class=\"thumb\" href=\"https:\/\/estivarefratarios.com.br\/en\/estiva\/batts\/\" aria-label=\"Batts\"><span class=\"inner\"><img loading=\"lazy\" decoding=\"async\" width=\"370\" height=\"400\" src=\"https:\/\/estivarefratarios.com.br\/wp-content\/uploads\/2024\/08\/placas18-1-370x400.png\" class=\"attachment-mae-std2 size-mae-std2 wp-post-image\" alt=\"\" \/><\/span><\/a><div class=\"content-wrap\"><div class=\"cat-wrap\"><a class=\"cat-item\" href=\"https:\/\/estivarefratarios.com.br\/en\/project_category\/solucoes-en\/\">Solu\u00e7\u00f5es<\/a><\/div><h3 class=\"headline-2\"><a href=\"https:\/\/estivarefratarios.com.br\/en\/estiva\/batts\/\">Batts<\/a><\/h3>        <a aria-label=\"button\" class=\"arrow\" href=\"https:\/\/estivarefratarios.com.br\/en\/estiva\/batts\/\">\n            <i aria-hidden=\"true\" class=\"ci ci-right-arrow\"><\/i>        <\/a>\n        <\/div>        <a aria-label=\"button\" class=\"arrow\" href=\"https:\/\/estivarefratarios.com.br\/en\/estiva\/batts\/\">\n            <i aria-hidden=\"true\" class=\"ci ci-right-arrow\"><\/i>        <\/a>\n                                    <\/div>\n                        <\/div>\n                    \n                        <div class=\"cbp-item\">\n                            <div class=\"master-project style-2\">\n                            <a class=\"thumb\" href=\"https:\/\/estivarefratarios.com.br\/en\/estiva\/special-refractories-pieces\/\" aria-label=\"Special Refractories Pieces\"><span class=\"inner\"><img loading=\"lazy\" decoding=\"async\" width=\"370\" height=\"400\" src=\"https:\/\/estivarefratarios.com.br\/wp-content\/uploads\/2024\/08\/pecas_especiais_23-1-370x400.png\" class=\"attachment-mae-std2 size-mae-std2 wp-post-image\" alt=\"\" \/><\/span><\/a><div class=\"content-wrap\"><div class=\"cat-wrap\"><a class=\"cat-item\" href=\"https:\/\/estivarefratarios.com.br\/en\/project_category\/solucoes-en\/\">Solu\u00e7\u00f5es<\/a><\/div><h3 class=\"headline-2\"><a href=\"https:\/\/estivarefratarios.com.br\/en\/estiva\/special-refractories-pieces\/\">Special Refractories Pieces<\/a><\/h3>        <a aria-label=\"button\" class=\"arrow\" href=\"https:\/\/estivarefratarios.com.br\/en\/estiva\/special-refractories-pieces\/\">\n            <i aria-hidden=\"true\" class=\"ci ci-right-arrow\"><\/i>        <\/a>\n        <\/div>        <a aria-label=\"button\" class=\"arrow\" href=\"https:\/\/estivarefratarios.com.br\/en\/estiva\/special-refractories-pieces\/\">\n            <i aria-hidden=\"true\" class=\"ci ci-right-arrow\"><\/i>        <\/a>\n                                    <\/div>\n                        <\/div>\n                    \n                        <div class=\"cbp-item\">\n                            <div class=\"master-project style-2\">\n                            <a class=\"thumb\" href=\"https:\/\/estivarefratarios.com.br\/en\/estiva\/ceramic-rollers\/\" aria-label=\"Ceramic Rollers\"><span class=\"inner\"><img loading=\"lazy\" decoding=\"async\" width=\"370\" height=\"400\" src=\"https:\/\/estivarefratarios.com.br\/wp-content\/uploads\/2024\/08\/rolos_ceramicos02-1-1-370x400.png\" class=\"attachment-mae-std2 size-mae-std2 wp-post-image\" alt=\"\" \/><\/span><\/a><div class=\"content-wrap\"><div class=\"cat-wrap\"><a class=\"cat-item\" href=\"https:\/\/estivarefratarios.com.br\/en\/project_category\/solucoes-en\/\">Solu\u00e7\u00f5es<\/a><\/div><h3 class=\"headline-2\"><a href=\"https:\/\/estivarefratarios.com.br\/en\/estiva\/ceramic-rollers\/\">Ceramic Rollers<\/a><\/h3>        <a aria-label=\"button\" class=\"arrow\" href=\"https:\/\/estivarefratarios.com.br\/en\/estiva\/ceramic-rollers\/\">\n            <i aria-hidden=\"true\" class=\"ci ci-right-arrow\"><\/i>        <\/a>\n        <\/div>        <a aria-label=\"button\" class=\"arrow\" href=\"https:\/\/estivarefratarios.com.br\/en\/estiva\/ceramic-rollers\/\">\n            <i aria-hidden=\"true\" class=\"ci ci-right-arrow\"><\/i>        <\/a>\n                                    <\/div>\n                        <\/div>\n                    \n                        <div class=\"cbp-item\">\n                            <div class=\"master-project style-2\">\n                            <a class=\"thumb\" href=\"https:\/\/estivarefratarios.com.br\/en\/estiva\/suspended-roof-system-and-kiln-linings\/\" aria-label=\"Suspended Roof System and Kiln Linings\"><span class=\"inner\"><img loading=\"lazy\" decoding=\"async\" width=\"370\" height=\"400\" src=\"https:\/\/estivarefratarios.com.br\/wp-content\/uploads\/2024\/08\/teto_parede_06-370x400.png\" class=\"attachment-mae-std2 size-mae-std2 wp-post-image\" alt=\"\" \/><\/span><\/a><div class=\"content-wrap\"><div class=\"cat-wrap\"><a class=\"cat-item\" href=\"https:\/\/estivarefratarios.com.br\/en\/project_category\/solucoes-en\/\">Solu\u00e7\u00f5es<\/a><\/div><h3 class=\"headline-2\"><a href=\"https:\/\/estivarefratarios.com.br\/en\/estiva\/suspended-roof-system-and-kiln-linings\/\">Suspended Roof System and Kiln Linings<\/a><\/h3>        <a aria-label=\"button\" class=\"arrow\" href=\"https:\/\/estivarefratarios.com.br\/en\/estiva\/suspended-roof-system-and-kiln-linings\/\">\n            <i aria-hidden=\"true\" class=\"ci ci-right-arrow\"><\/i>        <\/a>\n        <\/div>        <a aria-label=\"button\" class=\"arrow\" href=\"https:\/\/estivarefratarios.com.br\/en\/estiva\/suspended-roof-system-and-kiln-linings\/\">\n            <i aria-hidden=\"true\" class=\"ci ci-right-arrow\"><\/i>        <\/a>\n                                    <\/div>\n                        <\/div>\n                    \n                        <div class=\"cbp-item\">\n                            <div class=\"master-project style-2\">\n                            <a class=\"thumb\" href=\"https:\/\/estivarefratarios.com.br\/en\/estiva\/saggars-and-trays\/\" aria-label=\"Saggars and Trays\"><span class=\"inner\"><img loading=\"lazy\" decoding=\"async\" width=\"370\" height=\"400\" src=\"https:\/\/estivarefratarios.com.br\/wp-content\/uploads\/2024\/08\/caixa-de-calcinacao-01-370x400.png\" class=\"attachment-mae-std2 size-mae-std2 wp-post-image\" alt=\"\" \/><\/span><\/a><div class=\"content-wrap\"><div class=\"cat-wrap\"><a class=\"cat-item\" href=\"https:\/\/estivarefratarios.com.br\/en\/project_category\/solucoes-en\/\">Solu\u00e7\u00f5es<\/a><\/div><h3 class=\"headline-2\"><a href=\"https:\/\/estivarefratarios.com.br\/en\/estiva\/saggars-and-trays\/\">Saggars and Trays<\/a><\/h3>        <a aria-label=\"button\" class=\"arrow\" href=\"https:\/\/estivarefratarios.com.br\/en\/estiva\/saggars-and-trays\/\">\n            <i aria-hidden=\"true\" class=\"ci ci-right-arrow\"><\/i>        <\/a>\n        <\/div>        <a aria-label=\"button\" class=\"arrow\" href=\"https:\/\/estivarefratarios.com.br\/en\/estiva\/saggars-and-trays\/\">\n            <i aria-hidden=\"true\" class=\"ci ci-right-arrow\"><\/i>        <\/a>\n                                    <\/div>\n                        <\/div>\n                    \n                        <div class=\"cbp-item\">\n                            <div class=\"master-project style-2\">\n                            <a class=\"thumb\" href=\"https:\/\/estivarefratarios.com.br\/en\/estiva\/silicon-carbide-refractory-pieces-sic\/\" aria-label=\"Silicon Carbide Refractory Pieces (SiC)\"><span class=\"inner\"><img loading=\"lazy\" decoding=\"async\" width=\"370\" height=\"400\" src=\"https:\/\/estivarefratarios.com.br\/wp-content\/uploads\/2024\/08\/carbetoooo-370x400.png\" class=\"attachment-mae-std2 size-mae-std2 wp-post-image\" alt=\"\" \/><\/span><\/a><div class=\"content-wrap\"><div class=\"cat-wrap\"><a class=\"cat-item\" href=\"https:\/\/estivarefratarios.com.br\/en\/project_category\/solucoes-en\/\">Solu\u00e7\u00f5es<\/a><\/div><h3 class=\"headline-2\"><a href=\"https:\/\/estivarefratarios.com.br\/en\/estiva\/silicon-carbide-refractory-pieces-sic\/\">Silicon Carbide Refractory Pieces (SiC)<\/a><\/h3>        <a aria-label=\"button\" class=\"arrow\" href=\"https:\/\/estivarefratarios.com.br\/en\/estiva\/silicon-carbide-refractory-pieces-sic\/\">\n            <i aria-hidden=\"true\" class=\"ci ci-right-arrow\"><\/i>        <\/a>\n        <\/div>        <a aria-label=\"button\" class=\"arrow\" href=\"https:\/\/estivarefratarios.com.br\/en\/estiva\/silicon-carbide-refractory-pieces-sic\/\">\n            <i aria-hidden=\"true\" class=\"ci ci-right-arrow\"><\/i>        <\/a>\n                                    <\/div>\n                        <\/div>\n                                <\/div><!-- galleries -->\n        <\/div><!-- master-portfolio -->\n        \t\t<\/div>\n\t\t\t\t<\/div>\n\t\t\t\t\t<\/div>\n\t\t<\/div>\n\t\t\t\t\t<\/div>\n\t\t<\/section>\n\t\t\t\t<\/div>\n\t\t","protected":false},"excerpt":{"rendered":"<p>Solu\u00e7\u00f5es Kiln Furniture Solu\u00e7\u00f5es Car Kiln Perimeter Blocks Solu\u00e7\u00f5es Car Top and Viaduct Blocks Solu\u00e7\u00f5es Batts Solu\u00e7\u00f5es Special Refractories Pieces Solu\u00e7\u00f5es Ceramic Rollers Solu\u00e7\u00f5es Suspended Roof System and Kiln Linings Solu\u00e7\u00f5es Saggars and Trays Solu\u00e7\u00f5es Silicon Carbide Refractory Pieces (SiC)<\/p>\n","protected":false},"author":1,"featured_media":0,"parent":0,"menu_order":0,"comment_status":"closed","ping_status":"closed","template":"","meta":{"footnotes":""},"class_list":["post-5965","page","type-page","status-publish","hentry"],"aioseo_notices":[],"_links":{"self":[{"href":"https:\/\/estivarefratarios.com.br\/en\/wp-json\/wp\/v2\/pages\/5965"}],"collection":[{"href":"https:\/\/estivarefratarios.com.br\/en\/wp-json\/wp\/v2\/pages"}],"about":[{"href":"https:\/\/estivarefratarios.com.br\/en\/wp-json\/wp\/v2\/types\/page"}],"author":[{"embeddable":true,"href":"https:\/\/estivarefratarios.com.br\/en\/wp-json\/wp\/v2\/users\/1"}],"replies":[{"embeddable":true,"href":"https:\/\/estivarefratarios.com.br\/en\/wp-json\/wp\/v2\/comments?post=5965"}],"version-history":[{"count":13,"href":"https:\/\/estivarefratarios.com.br\/en\/wp-json\/wp\/v2\/pages\/5965\/revisions"}],"predecessor-version":[{"id":6974,"href":"https:\/\/estivarefratarios.com.br\/en\/wp-json\/wp\/v2\/pages\/5965\/revisions\/6974"}],"wp:attachment":[{"href":"https:\/\/estivarefratarios.com.br\/en\/wp-json\/wp\/v2\/media?parent=5965"}],"curies":[{"name":"wp","href":"https:\/\/api.w.org\/{rel}","templated":true}]}}